{"id":13011,"date":"2022-05-31T17:37:39","date_gmt":"2022-05-31T14:37:39","guid":{"rendered":"https:\/\/alkaline.lv\/products\/arhiva-karba-smlt-247-x-82-x-305-mm-bruna-bruna-atloka-platums-59-mm\/"},"modified":"2023-03-23T15:50:28","modified_gmt":"2023-03-23T13:50:28","slug":"arhiva-karba-smlt-247-x-82-x-305-mm-bruna-bruna-atloka-platums-59-mm","status":"publish","type":"product","link":"https:\/\/alkaline.lv\/en\/products\/arhiva-karba-smlt-247-x-82-x-305-mm-bruna-bruna-atloka-platums-59-mm\/","title":{"rendered":"Arh\u012bva kaste SMLT, 247 x 82 x 305 mm, atloka platums 59 mm, br\u016bna"},"content":{"rendered":"<p>Izm\u0113rs (A x P x D): 247 x 82 x 305 mm<\/p>\n","protected":false},"excerpt":{"rendered":"<p>Izm\u0113rs (A x P x D): 247 x 82 x 305 mm<\/p>\n","protected":false},"featured_media":13012,"template":"","meta":{"inline_featured_image":false},"product_cat":[290],"product_tag":[],"class_list":{"0":"post-13011","1":"product","2":"type-product","3":"status-publish","4":"has-post-thumbnail","6":"product_cat-arhiva-kastes","8":"first","9":"instock","10":"taxable","11":"shipping-taxable","12":"purchasable","13":"product-type-simple","14":"add-to-wishlist-after_add_to_cart"},"_links":{"self":[{"href":"https:\/\/alkaline.lv\/en\/wp-json\/wp\/v2\/product\/13011"}],"collection":[{"href":"https:\/\/alkaline.lv\/en\/wp-json\/wp\/v2\/product"}],"about":[{"href":"https:\/\/alkaline.lv\/en\/wp-json\/wp\/v2\/types\/product"}],"wp:featuredmedia":[{"embeddable":true,"href":"https:\/\/alkaline.lv\/en\/wp-json\/wp\/v2\/media\/13012"}],"wp:attachment":[{"href":"https:\/\/alkaline.lv\/en\/wp-json\/wp\/v2\/media?parent=13011"}],"wp:term":[{"taxonomy":"product_cat","embeddable":true,"href":"https:\/\/alkaline.lv\/en\/wp-json\/wp\/v2\/product_cat?post=13011"},{"taxonomy":"product_tag","embeddable":true,"href":"https:\/\/alkaline.lv\/en\/wp-json\/wp\/v2\/product_tag?post=13011"}],"curies":[{"name":"wp","href":"https:\/\/api.w.org\/{rel}","templated":true}]}}