{"id":13026,"date":"2022-05-31T17:37:39","date_gmt":"2022-05-31T14:37:39","guid":{"rendered":"https:\/\/alkaline.lv\/products\/arhiva-karba-smlt-ar-saititem-80-mm-235-x-80-x-320-mm-bruna\/"},"modified":"2023-03-23T15:41:45","modified_gmt":"2023-03-23T13:41:45","slug":"arhiva-karba-smlt-ar-saititem-80-mm-235-x-80-x-320-mm-bruna","status":"publish","type":"product","link":"https:\/\/alkaline.lv\/en\/products\/arhiva-karba-smlt-ar-saititem-80-mm-235-x-80-x-320-mm-bruna\/","title":{"rendered":"Arh\u012bva kaste SM\u00b7LT ar sait\u0113m, 80 mm, br\u016bna"},"content":{"rendered":"<p>A4 form\u0101ts<br \/>\nBr\u016bn\u0101 kr\u0101s\u0101<br \/>\n650 g\/m2<br \/>\nIzm\u0113rs (A x P x D): 235 x 80 x 320 mm<\/p>\n","protected":false},"excerpt":{"rendered":"<p>A4 form\u0101ts Br\u016bn\u0101 kr\u0101s\u0101 650 g\/m2 Izm\u0113rs (A x P x D): 235 x 80 x 320 mm<\/p>\n","protected":false},"featured_media":13027,"template":"","meta":{"inline_featured_image":false},"product_cat":[290],"product_tag":[],"class_list":{"0":"post-13026","1":"product","2":"type-product","3":"status-publish","4":"has-post-thumbnail","6":"product_cat-arhiva-kastes","8":"first","9":"instock","10":"taxable","11":"shipping-taxable","12":"purchasable","13":"product-type-simple","14":"add-to-wishlist-after_add_to_cart"},"_links":{"self":[{"href":"https:\/\/alkaline.lv\/en\/wp-json\/wp\/v2\/product\/13026"}],"collection":[{"href":"https:\/\/alkaline.lv\/en\/wp-json\/wp\/v2\/product"}],"about":[{"href":"https:\/\/alkaline.lv\/en\/wp-json\/wp\/v2\/types\/product"}],"wp:featuredmedia":[{"embeddable":true,"href":"https:\/\/alkaline.lv\/en\/wp-json\/wp\/v2\/media\/13027"}],"wp:attachment":[{"href":"https:\/\/alkaline.lv\/en\/wp-json\/wp\/v2\/media?parent=13026"}],"wp:term":[{"taxonomy":"product_cat","embeddable":true,"href":"https:\/\/alkaline.lv\/en\/wp-json\/wp\/v2\/product_cat?post=13026"},{"taxonomy":"product_tag","embeddable":true,"href":"https:\/\/alkaline.lv\/en\/wp-json\/wp\/v2\/product_tag?post=13026"}],"curies":[{"name":"wp","href":"https:\/\/api.w.org\/{rel}","templated":true}]}}