{"id":13186,"date":"2022-05-31T17:38:48","date_gmt":"2022-05-31T14:38:48","guid":{"rendered":"https:\/\/alkaline.lv\/products\/paslaminesanas-kabatas-durable-a4-10-gab-iepak\/"},"modified":"2022-05-31T17:38:59","modified_gmt":"2022-05-31T14:38:59","slug":"paslaminesanas-kabatas-durable-a4-10-gab-iepak","status":"publish","type":"product","link":"https:\/\/alkaline.lv\/en\/products\/paslaminesanas-kabatas-durable-a4-10-gab-iepak\/","title":{"rendered":"Pa\u0161lamin\u0113\u0161anas kabatas Durable, A4, 10 gab.\/iepak."},"content":{"rendered":"<p>\u2022 \u0101trai lamin\u0113\u0161anai<br \/>\u2022 nav nepiecie\u0161ams laminators<br \/>\u2022 caursp\u012bd\u012bga<\/p>\n","protected":false},"excerpt":{"rendered":"<p>\u2022 \u0101trai lamin\u0113\u0161anai\u2022 nav nepiecie\u0161ams laminators\u2022 caursp\u012bd\u012bga<\/p>\n","protected":false},"featured_media":13187,"template":"","meta":{"inline_featured_image":false},"product_cat":[69,506],"product_tag":[],"class_list":{"0":"post-13186","1":"product","2":"type-product","3":"status-publish","4":"has-post-thumbnail","6":"product_cat-biroja-un-datoru-tehnika","7":"product_cat-iesiesanas-iekartas","9":"first","10":"outofstock","11":"purchasable","12":"product-type-simple","13":"add-to-wishlist-after_add_to_cart"},"_links":{"self":[{"href":"https:\/\/alkaline.lv\/en\/wp-json\/wp\/v2\/product\/13186"}],"collection":[{"href":"https:\/\/alkaline.lv\/en\/wp-json\/wp\/v2\/product"}],"about":[{"href":"https:\/\/alkaline.lv\/en\/wp-json\/wp\/v2\/types\/product"}],"wp:featuredmedia":[{"embeddable":true,"href":"https:\/\/alkaline.lv\/en\/wp-json\/wp\/v2\/media\/13187"}],"wp:attachment":[{"href":"https:\/\/alkaline.lv\/en\/wp-json\/wp\/v2\/media?parent=13186"}],"wp:term":[{"taxonomy":"product_cat","embeddable":true,"href":"https:\/\/alkaline.lv\/en\/wp-json\/wp\/v2\/product_cat?post=13186"},{"taxonomy":"product_tag","embeddable":true,"href":"https:\/\/alkaline.lv\/en\/wp-json\/wp\/v2\/product_tag?post=13186"}],"curies":[{"name":"wp","href":"https:\/\/api.w.org\/{rel}","templated":true}]}}