{"id":13290,"date":"2022-05-31T17:39:28","date_gmt":"2022-05-31T14:39:28","guid":{"rendered":"https:\/\/alkaline.lv\/products\/arhiva-vaks-smlt-a4-formats10-gab-iepak\/"},"modified":"2023-03-23T16:01:57","modified_gmt":"2023-03-23T14:01:57","slug":"arhiva-vaks-smlt-a4-formats10-gab-iepak","status":"publish","type":"product","link":"https:\/\/alkaline.lv\/en\/products\/arhiva-vaks-smlt-a4-formats10-gab-iepak\/","title":{"rendered":"Arh\u012bva v\u0101ks SMLT, A4,10 gab.\/iepak."},"content":{"rendered":"<p>A4 form\u0101ts<br \/>\n225 x 344 mm<br \/>\nIzgatavots no br\u016bna gofr\u0113ta kartona<br \/>\n10 gab.\/iepak.<\/p>\n","protected":false},"excerpt":{"rendered":"<p>A4 form\u0101ts 225 x 344 mm Izgatavots no br\u016bna gofr\u0113ta kartona 10 gab.\/iepak.<\/p>\n","protected":false},"featured_media":13291,"template":"","meta":{"inline_featured_image":false},"product_cat":[290],"product_tag":[],"class_list":{"0":"post-13290","1":"product","2":"type-product","3":"status-publish","4":"has-post-thumbnail","6":"product_cat-arhiva-kastes","8":"first","9":"instock","10":"taxable","11":"shipping-taxable","12":"purchasable","13":"product-type-simple","14":"add-to-wishlist-after_add_to_cart"},"_links":{"self":[{"href":"https:\/\/alkaline.lv\/en\/wp-json\/wp\/v2\/product\/13290"}],"collection":[{"href":"https:\/\/alkaline.lv\/en\/wp-json\/wp\/v2\/product"}],"about":[{"href":"https:\/\/alkaline.lv\/en\/wp-json\/wp\/v2\/types\/product"}],"wp:featuredmedia":[{"embeddable":true,"href":"https:\/\/alkaline.lv\/en\/wp-json\/wp\/v2\/media\/13291"}],"wp:attachment":[{"href":"https:\/\/alkaline.lv\/en\/wp-json\/wp\/v2\/media?parent=13290"}],"wp:term":[{"taxonomy":"product_cat","embeddable":true,"href":"https:\/\/alkaline.lv\/en\/wp-json\/wp\/v2\/product_cat?post=13290"},{"taxonomy":"product_tag","embeddable":true,"href":"https:\/\/alkaline.lv\/en\/wp-json\/wp\/v2\/product_tag?post=13290"}],"curies":[{"name":"wp","href":"https:\/\/api.w.org\/{rel}","templated":true}]}}