{"id":13596,"date":"2022-05-31T17:41:27","date_gmt":"2022-05-31T14:41:27","guid":{"rendered":"https:\/\/alkaline.lv\/products\/dokumentu-plaukts-leitz-wow-dzeltena-krasa\/"},"modified":"2022-06-29T10:22:12","modified_gmt":"2022-06-29T07:22:12","slug":"dokumentu-plaukts-leitz-wow-dzeltena-krasa","status":"publish","type":"product","link":"https:\/\/alkaline.lv\/en\/products\/dokumentu-plaukts-leitz-wow-dzeltena-krasa\/","title":{"rendered":"Dokumentu plaukts LEITZ WOW, dzelten\u0101 kr\u0101s\u0101"},"content":{"rendered":"<p>\u2022 Dokumentu plaukts LEITZ WOW<br \/>\n\u2022 Dzeltena kr\u0101sa<\/p>\n","protected":false},"excerpt":{"rendered":"<p>\u2022 Dokumentu plaukts LEITZ WOW \u2022 Dzeltena kr\u0101sa<\/p>\n","protected":false},"featured_media":13597,"template":"","meta":{"inline_featured_image":false},"product_cat":[296],"product_tag":[],"class_list":{"0":"post-13596","1":"product","2":"type-product","3":"status-publish","4":"has-post-thumbnail","6":"product_cat-dokumentu-plaukti","8":"first","9":"instock","10":"purchasable","11":"product-type-simple","12":"add-to-wishlist-after_add_to_cart"},"_links":{"self":[{"href":"https:\/\/alkaline.lv\/en\/wp-json\/wp\/v2\/product\/13596","targetHints":{"allow":["GET"]}}],"collection":[{"href":"https:\/\/alkaline.lv\/en\/wp-json\/wp\/v2\/product"}],"about":[{"href":"https:\/\/alkaline.lv\/en\/wp-json\/wp\/v2\/types\/product"}],"wp:featuredmedia":[{"embeddable":true,"href":"https:\/\/alkaline.lv\/en\/wp-json\/wp\/v2\/media\/13597"}],"wp:attachment":[{"href":"https:\/\/alkaline.lv\/en\/wp-json\/wp\/v2\/media?parent=13596"}],"wp:term":[{"taxonomy":"product_cat","embeddable":true,"href":"https:\/\/alkaline.lv\/en\/wp-json\/wp\/v2\/product_cat?post=13596"},{"taxonomy":"product_tag","embeddable":true,"href":"https:\/\/alkaline.lv\/en\/wp-json\/wp\/v2\/product_tag?post=13596"}],"curies":[{"name":"wp","href":"https:\/\/api.w.org\/{rel}","templated":true}]}}