{"id":13611,"date":"2022-05-31T17:41:46","date_gmt":"2022-05-31T14:41:46","guid":{"rendered":"https:\/\/alkaline.lv\/products\/skavotajs-leitz-wow-mini-sasuj-lidz-10-lapam-metaliska-dzeltena-krasa\/"},"modified":"2022-06-06T15:11:46","modified_gmt":"2022-06-06T12:11:46","slug":"skavotajs-leitz-wow-mini-sasuj-lidz-10-lapam-metaliska-dzeltena-krasa","status":"publish","type":"product","link":"https:\/\/alkaline.lv\/en\/products\/skavotajs-leitz-wow-mini-sasuj-lidz-10-lapam-metaliska-dzeltena-krasa\/","title":{"rendered":"Skavot\u0101js LEITZ WOW Mini, sa\u0161uj l\u012bdz 10 lap\u0101m, met\u0101liska dzelten\u0101 kr\u0101s\u0101"},"content":{"rendered":"<p>\u2022 Mazs un kompakts skavot\u0101js ikdienas lieto\u0161anai <br \/>\u2022 Spilgtas modernas kr\u0101sas<br \/>\u2022 Izgatavots<br \/>\nno met\u0101la<br \/>\u2022 Patent\u0113ta Direct Impact tehnolo\u0123ija nodro\u0161ina izcilu skavo\u0161anu<br \/>\u2022 Izmanto\u0161anai biroj\u0101 vai m\u0101j\u0101s <br \/>\u2022 Sa\u0161uj l\u012bdz 10 lap\u0101m ( 80 g\/ m2)<br \/>\u2022 Skavas Nr. 10<br \/>\n<br \/>\u2022 180 gr\u0101du v\u0101ci\u0146\u0161, lai viegli ievietotu un iz\u0146emtu skavas<br \/>\u2022 Integr\u0113ts atskavot\u0101js<\/p>\n","protected":false},"excerpt":{"rendered":"<p>\u2022 Mazs un kompakts skavot\u0101js ikdienas lieto\u0161anai \u2022 Spilgtas modernas kr\u0101sas\u2022 Izgatavots no met\u0101la\u2022 Patent\u0113ta Direct Impact tehnolo\u0123ija nodro\u0161ina izcilu skavo\u0161anu\u2022 Izmanto\u0161anai biroj\u0101 vai m\u0101j\u0101s \u2022 Sa\u0161uj l\u012bdz 10 lap\u0101m ( 80 g\/ m2)\u2022 Skavas Nr. 10 \u2022 180 gr\u0101du v\u0101ci\u0146\u0161, lai viegli ievietotu un iz\u0146emtu skavas\u2022 Integr\u0113ts atskavot\u0101js<\/p>\n","protected":false},"featured_media":13612,"template":"","meta":{"inline_featured_image":false},"product_cat":[71,299],"product_tag":[],"class_list":{"0":"post-13611","1":"product","2":"type-product","3":"status-publish","4":"has-post-thumbnail","6":"product_cat-biroja-preces","7":"product_cat-skavotaji","9":"first","10":"outofstock","11":"purchasable","12":"product-type-simple","13":"add-to-wishlist-after_add_to_cart"},"_links":{"self":[{"href":"https:\/\/alkaline.lv\/en\/wp-json\/wp\/v2\/product\/13611"}],"collection":[{"href":"https:\/\/alkaline.lv\/en\/wp-json\/wp\/v2\/product"}],"about":[{"href":"https:\/\/alkaline.lv\/en\/wp-json\/wp\/v2\/types\/product"}],"wp:featuredmedia":[{"embeddable":true,"href":"https:\/\/alkaline.lv\/en\/wp-json\/wp\/v2\/media\/13612"}],"wp:attachment":[{"href":"https:\/\/alkaline.lv\/en\/wp-json\/wp\/v2\/media?parent=13611"}],"wp:term":[{"taxonomy":"product_cat","embeddable":true,"href":"https:\/\/alkaline.lv\/en\/wp-json\/wp\/v2\/product_cat?post=13611"},{"taxonomy":"product_tag","embeddable":true,"href":"https:\/\/alkaline.lv\/en\/wp-json\/wp\/v2\/product_tag?post=13611"}],"curies":[{"name":"wp","href":"https:\/\/api.w.org\/{rel}","templated":true}]}}