{"id":13899,"date":"2022-05-31T17:43:44","date_gmt":"2022-05-31T14:43:44","guid":{"rendered":"https:\/\/alkaline.lv\/products\/fails-iekarinamais-a4-forofis-dzeltens-200g-m2\/"},"modified":"2023-03-25T01:34:30","modified_gmt":"2023-03-24T23:34:30","slug":"fails-iekarinamais-a4-forofis-dzeltens-200g-m2","status":"publish","type":"product","link":"https:\/\/alkaline.lv\/en\/products\/fails-iekarinamais-a4-forofis-dzeltens-200g-m2\/","title":{"rendered":"Iekarin\u0101mie v\u0101ki Forofis, A4, dzelteni"},"content":{"rendered":"<p>Iekarin\u0101mais fails dokumentu uzglab\u0101\u0161anai<br \/>\nIevietojams kartot\u0113k\u0101<br \/>\nIzgatavots no bieza kartona 200g\/m2<\/p>\n","protected":false},"excerpt":{"rendered":"<p>Iekarin\u0101mais fails dokumentu uzglab\u0101\u0161anai Ievietojams kartot\u0113k\u0101 Izgatavots no bieza kartona 200g\/m2<\/p>\n","protected":false},"featured_media":13900,"template":"","meta":{"inline_featured_image":false},"product_cat":[490],"product_tag":[],"class_list":{"0":"post-13899","1":"product","2":"type-product","3":"status-publish","4":"has-post-thumbnail","6":"product_cat-skapji-un-piederumi","8":"first","9":"instock","10":"taxable","11":"shipping-taxable","12":"purchasable","13":"product-type-simple","14":"add-to-wishlist-after_add_to_cart"},"_links":{"self":[{"href":"https:\/\/alkaline.lv\/en\/wp-json\/wp\/v2\/product\/13899","targetHints":{"allow":["GET"]}}],"collection":[{"href":"https:\/\/alkaline.lv\/en\/wp-json\/wp\/v2\/product"}],"about":[{"href":"https:\/\/alkaline.lv\/en\/wp-json\/wp\/v2\/types\/product"}],"wp:featuredmedia":[{"embeddable":true,"href":"https:\/\/alkaline.lv\/en\/wp-json\/wp\/v2\/media\/13900"}],"wp:attachment":[{"href":"https:\/\/alkaline.lv\/en\/wp-json\/wp\/v2\/media?parent=13899"}],"wp:term":[{"taxonomy":"product_cat","embeddable":true,"href":"https:\/\/alkaline.lv\/en\/wp-json\/wp\/v2\/product_cat?post=13899"},{"taxonomy":"product_tag","embeddable":true,"href":"https:\/\/alkaline.lv\/en\/wp-json\/wp\/v2\/product_tag?post=13899"}],"curies":[{"name":"wp","href":"https:\/\/api.w.org\/{rel}","templated":true}]}}