{"id":13992,"date":"2022-05-31T17:44:26","date_gmt":"2022-05-31T14:44:26","guid":{"rendered":"https:\/\/alkaline.lv\/products\/lodisu-pildspalva-schneider-klick-fix-pen-balts-korpuss-zila-tinte\/"},"modified":"2022-07-12T13:07:04","modified_gmt":"2022-07-12T10:07:04","slug":"lodisu-pildspalva-schneider-klick-fix-pen-balts-korpuss-zila-tinte","status":"publish","type":"product","link":"https:\/\/alkaline.lv\/en\/products\/lodisu-pildspalva-schneider-klick-fix-pen-balts-korpuss-zila-tinte\/","title":{"rendered":"Lod\u012b\u0161u pildspalva SCHNEIDER Klick-Fix-Pen, balts korpuss, zila tinte"},"content":{"rendered":"<p>\u2022 Lod\u012b\u0161u \u2022 Balts korpuss ar zil\u0101m deta\u013c\u0101m, ar pa\u0161l\u012bpo\u0161u tur\u0113t\u0101ju<br \/>\n\u2022 Savienoti ar elast\u012bgu plastmasas spir\u0101lveida vadu<br \/>\n\u2022 Rot\u0113 par 360\u00b0<br \/>\n\u2022 Lod\u012btes diametrs \u2013 1.0 mm, zila tinte<\/p>\n<p>\u2022 \u016adensiztur\u012bga tinte, atbilsto\u0161a ISO 12757-2 standartam<\/p>\n","protected":false},"excerpt":{"rendered":"<p>\u2022 Lod\u012b\u0161u \u2022 Balts korpuss ar zil\u0101m deta\u013c\u0101m, ar pa\u0161l\u012bpo\u0161u tur\u0113t\u0101ju \u2022 Savienoti ar elast\u012bgu plastmasas spir\u0101lveida vadu \u2022 Rot\u0113 par 360\u00b0 \u2022 Lod\u012btes diametrs \u2013 1.0 mm, zila tinte \u2022 \u016adensiztur\u012bga tinte, atbilsto\u0161a ISO 12757-2 standartam<\/p>\n","protected":false},"featured_media":13993,"template":"","meta":{"inline_featured_image":false},"product_cat":[1672],"product_tag":[],"class_list":{"0":"post-13992","1":"product","2":"type-product","3":"status-publish","4":"has-post-thumbnail","6":"product_cat-lodisu-pildspalvas-stativa","8":"first","9":"instock","10":"purchasable","11":"product-type-simple","12":"add-to-wishlist-after_add_to_cart"},"_links":{"self":[{"href":"https:\/\/alkaline.lv\/en\/wp-json\/wp\/v2\/product\/13992","targetHints":{"allow":["GET"]}}],"collection":[{"href":"https:\/\/alkaline.lv\/en\/wp-json\/wp\/v2\/product"}],"about":[{"href":"https:\/\/alkaline.lv\/en\/wp-json\/wp\/v2\/types\/product"}],"wp:featuredmedia":[{"embeddable":true,"href":"https:\/\/alkaline.lv\/en\/wp-json\/wp\/v2\/media\/13993"}],"wp:attachment":[{"href":"https:\/\/alkaline.lv\/en\/wp-json\/wp\/v2\/media?parent=13992"}],"wp:term":[{"taxonomy":"product_cat","embeddable":true,"href":"https:\/\/alkaline.lv\/en\/wp-json\/wp\/v2\/product_cat?post=13992"},{"taxonomy":"product_tag","embeddable":true,"href":"https:\/\/alkaline.lv\/en\/wp-json\/wp\/v2\/product_tag?post=13992"}],"curies":[{"name":"wp","href":"https:\/\/api.w.org\/{rel}","templated":true}]}}