{"id":13994,"date":"2022-05-31T17:44:26","date_gmt":"2022-05-31T14:44:26","guid":{"rendered":"https:\/\/alkaline.lv\/products\/lodisu-pildspalva-ico-lux-partner-ar-paliktni-zils-korpuss-sarkans-tinte\/"},"modified":"2025-12-22T19:45:59","modified_gmt":"2025-12-22T17:45:59","slug":"lodisu-pildspalva-ico-lux-partner-ar-paliktni-zils-korpuss-sarkans-tinte","status":"publish","type":"product","link":"https:\/\/alkaline.lv\/en\/products\/lodisu-pildspalva-ico-lux-partner-ar-paliktni-zils-korpuss-sarkans-tinte\/","title":{"rendered":"Lod\u012b\u0161u pildspalva ICO LUX PARTNER ar paliktni, zils korpuss, sarkans tinte"},"content":{"rendered":"<p>\u2022 Pildspalva apmekl\u0113t\u0101jiem stat\u012bv\u0101<br \/>\n\u2022 Plastmasas korpuss un stat\u012bvs savienoti ar elast\u012bgu plastmasas, spir\u0101lveida vadu<br \/>\n\u2022 Lod\u012btes diametrs \u2013 0.8 mm, zila tinte<br \/>\n\u2022 Zils korpuss<\/p>\n","protected":false},"excerpt":{"rendered":"<p>\u2022 Pildspalva apmekl\u0113t\u0101jiem stat\u012bv\u0101 \u2022 Plastmasas korpuss un stat\u012bvs savienoti ar elast\u012bgu plastmasas, spir\u0101lveida vadu \u2022 Lod\u012btes diametrs \u2013 0.8 mm, zila tinte \u2022 Zils korpuss<\/p>\n","protected":false},"featured_media":13995,"template":"","meta":{"inline_featured_image":false},"product_cat":[1672],"product_tag":[],"class_list":{"0":"post-13994","1":"product","2":"type-product","3":"status-publish","4":"has-post-thumbnail","6":"product_cat-lodisu-pildspalvas-stativa","8":"first","9":"instock","10":"purchasable","11":"product-type-simple","12":"add-to-wishlist-after_add_to_cart"},"_links":{"self":[{"href":"https:\/\/alkaline.lv\/en\/wp-json\/wp\/v2\/product\/13994"}],"collection":[{"href":"https:\/\/alkaline.lv\/en\/wp-json\/wp\/v2\/product"}],"about":[{"href":"https:\/\/alkaline.lv\/en\/wp-json\/wp\/v2\/types\/product"}],"wp:featuredmedia":[{"embeddable":true,"href":"https:\/\/alkaline.lv\/en\/wp-json\/wp\/v2\/media\/13995"}],"wp:attachment":[{"href":"https:\/\/alkaline.lv\/en\/wp-json\/wp\/v2\/media?parent=13994"}],"wp:term":[{"taxonomy":"product_cat","embeddable":true,"href":"https:\/\/alkaline.lv\/en\/wp-json\/wp\/v2\/product_cat?post=13994"},{"taxonomy":"product_tag","embeddable":true,"href":"https:\/\/alkaline.lv\/en\/wp-json\/wp\/v2\/product_tag?post=13994"}],"curies":[{"name":"wp","href":"https:\/\/api.w.org\/{rel}","templated":true}]}}