{"id":13998,"date":"2022-05-31T17:44:26","date_gmt":"2022-05-31T14:44:26","guid":{"rendered":"https:\/\/alkaline.lv\/products\/lodisu-pildspalva-zebra-f301-0-7-mm-zila\/"},"modified":"2024-07-23T14:15:19","modified_gmt":"2024-07-23T11:15:19","slug":"lodisu-pildspalva-zebra-f301-0-7-mm-zila","status":"publish","type":"product","link":"https:\/\/alkaline.lv\/en\/products\/lodisu-pildspalva-zebra-f301-0-7-mm-zila\/","title":{"rendered":"Lod\u012b\u0161u pildspalva ZEBRA F301 0.7 mm zila"},"content":{"rendered":"<p>\u2022 Autom\u0101tiska<br \/>\n\u2022 Met\u0101la korpuss ar rievotu, nesl\u012bdo\u0161u satv\u0113riena zonu<br \/>\n\u2022 Main\u0101ms serdenis F<br \/>\n\u2022 Lod\u012btes diametrs \u2013 0.7 mm<br \/>\n\u2022 Zila tinte un deta\u013cas<\/p>\n","protected":false},"excerpt":{"rendered":"<p>\u2022 Autom\u0101tiska \u2022 Met\u0101la korpuss ar rievotu, nesl\u012bdo\u0161u satv\u0113riena zonu \u2022 Main\u0101ms serdenis F \u2022 Lod\u012btes diametrs \u2013 0.7 mm \u2022 Zila tinte un deta\u013cas<\/p>\n","protected":false},"featured_media":13999,"template":"","meta":{"inline_featured_image":false},"product_cat":[541],"product_tag":[],"class_list":{"0":"post-13998","1":"product","2":"type-product","3":"status-publish","4":"has-post-thumbnail","6":"product_cat-lodisu-pildspalvas-2","8":"first","9":"instock","10":"purchasable","11":"product-type-simple","12":"add-to-wishlist-after_add_to_cart"},"_links":{"self":[{"href":"https:\/\/alkaline.lv\/en\/wp-json\/wp\/v2\/product\/13998"}],"collection":[{"href":"https:\/\/alkaline.lv\/en\/wp-json\/wp\/v2\/product"}],"about":[{"href":"https:\/\/alkaline.lv\/en\/wp-json\/wp\/v2\/types\/product"}],"wp:featuredmedia":[{"embeddable":true,"href":"https:\/\/alkaline.lv\/en\/wp-json\/wp\/v2\/media\/13999"}],"wp:attachment":[{"href":"https:\/\/alkaline.lv\/en\/wp-json\/wp\/v2\/media?parent=13998"}],"wp:term":[{"taxonomy":"product_cat","embeddable":true,"href":"https:\/\/alkaline.lv\/en\/wp-json\/wp\/v2\/product_cat?post=13998"},{"taxonomy":"product_tag","embeddable":true,"href":"https:\/\/alkaline.lv\/en\/wp-json\/wp\/v2\/product_tag?post=13998"}],"curies":[{"name":"wp","href":"https:\/\/api.w.org\/{rel}","templated":true}]}}