{"id":14006,"date":"2022-05-31T17:44:26","date_gmt":"2022-05-31T14:44:26","guid":{"rendered":"https:\/\/alkaline.lv\/products\/lodisu-pildspalva-forpus-dynamic-0-7-mm-zila-tinte\/"},"modified":"2024-09-03T23:00:15","modified_gmt":"2024-09-03T20:00:15","slug":"lodisu-pildspalva-forpus-dynamic-0-7-mm-zila-tinte","status":"publish","type":"product","link":"https:\/\/alkaline.lv\/en\/products\/lodisu-pildspalva-forpus-dynamic-0-7-mm-zila-tinte\/","title":{"rendered":"Lod\u012b\u0161u pildspalva FORPUS DYNAMIC 0.7 mm zila tinte"},"content":{"rendered":"<p>Autom\u0101tiska \u2022 Ar gumijas ielaidumu satv\u0113riena zon\u0101 \u0113rt\u0101kai rakst\u012b\u0161anai<br \/>\nPlastmasas klipsis<br \/>\nLod\u012btes diametrs \u2013 0.7 mm<br \/>\nRa\u017eot\u0101ja preces kods FO51542<\/p>\n","protected":false},"excerpt":{"rendered":"<p>Autom\u0101tiska \u2022 Ar gumijas ielaidumu satv\u0113riena zon\u0101 \u0113rt\u0101kai rakst\u012b\u0161anai Plastmasas klipsis Lod\u012btes diametrs \u2013 0.7 mm Ra\u017eot\u0101ja preces kods FO51542<\/p>\n","protected":false},"featured_media":14007,"template":"","meta":{"inline_featured_image":false},"product_cat":[541],"product_tag":[],"class_list":{"0":"post-14006","1":"product","2":"type-product","3":"status-publish","4":"has-post-thumbnail","6":"product_cat-lodisu-pildspalvas-2","8":"first","9":"instock","10":"taxable","11":"shipping-taxable","12":"purchasable","13":"product-type-simple","14":"add-to-wishlist-after_add_to_cart"},"_links":{"self":[{"href":"https:\/\/alkaline.lv\/en\/wp-json\/wp\/v2\/product\/14006"}],"collection":[{"href":"https:\/\/alkaline.lv\/en\/wp-json\/wp\/v2\/product"}],"about":[{"href":"https:\/\/alkaline.lv\/en\/wp-json\/wp\/v2\/types\/product"}],"wp:featuredmedia":[{"embeddable":true,"href":"https:\/\/alkaline.lv\/en\/wp-json\/wp\/v2\/media\/14007"}],"wp:attachment":[{"href":"https:\/\/alkaline.lv\/en\/wp-json\/wp\/v2\/media?parent=14006"}],"wp:term":[{"taxonomy":"product_cat","embeddable":true,"href":"https:\/\/alkaline.lv\/en\/wp-json\/wp\/v2\/product_cat?post=14006"},{"taxonomy":"product_tag","embeddable":true,"href":"https:\/\/alkaline.lv\/en\/wp-json\/wp\/v2\/product_tag?post=14006"}],"curies":[{"name":"wp","href":"https:\/\/api.w.org\/{rel}","templated":true}]}}