{"id":14018,"date":"2022-05-31T17:44:26","date_gmt":"2022-05-31T14:44:26","guid":{"rendered":"https:\/\/alkaline.lv\/products\/lodisu-pildspalva-forpus-table-pen-ar-pasliposu-turetaju-un-izstiepjamu-savienotajvadu-zils-balts-korpuss-zila-tinte\/"},"modified":"2022-07-12T13:07:05","modified_gmt":"2022-07-12T10:07:05","slug":"lodisu-pildspalva-forpus-table-pen-ar-pasliposu-turetaju-un-izstiepjamu-savienotajvadu-zils-balts-korpuss-zila-tinte","status":"publish","type":"product","link":"https:\/\/alkaline.lv\/en\/products\/lodisu-pildspalva-forpus-table-pen-ar-pasliposu-turetaju-un-izstiepjamu-savienotajvadu-zils-balts-korpuss-zila-tinte\/","title":{"rendered":"Lod\u012b\u0161u pildspalva FORPUS TABLE-PEN ar pa\u0161lipo\u0161u tur\u0113t\u0101ju un izstiepjamu savienot\u0101jvadu, zils-balts korpuss, zila tinte"},"content":{"rendered":"<p>\u2022 Pildspalva apmekl\u0113t\u0101jiem ar pa\u0161l\u012bpo\u0161u tur\u0113t\u0101ju un m\u012bkstu savienot\u0101vadu<br \/>\n\u2022 Vienreiz\u0113jas lieto\u0161anas<br \/>\n\u2022 Tur\u0113t\u0101ja dizains \u013cauj novietot pildspalvu horizont\u0101li vai vertik\u0101li<br \/>\n\u2022 Lod\u012btes diametrs &#8211; 0,7 mm<br \/>\n\u2022 zils tur\u0113t\u0101js<br \/>\n<b><\/b> \u2022 Rezerves serde\u0146i netiek pied\u0101v\u0101ti<br \/>\n\u2022Ra\u017eot\u0101ja preces kods FO51532<\/p>\n","protected":false},"excerpt":{"rendered":"<p>\u2022 Pildspalva apmekl\u0113t\u0101jiem ar pa\u0161l\u012bpo\u0161u tur\u0113t\u0101ju un m\u012bkstu savienot\u0101vadu \u2022 Vienreiz\u0113jas lieto\u0161anas \u2022 Tur\u0113t\u0101ja dizains \u013cauj novietot pildspalvu horizont\u0101li vai vertik\u0101li \u2022 Lod\u012btes diametrs &#8211; 0,7 mm \u2022 zils tur\u0113t\u0101js \u2022 Rezerves serde\u0146i netiek pied\u0101v\u0101ti \u2022Ra\u017eot\u0101ja preces kods FO51532<\/p>\n","protected":false},"featured_media":14019,"template":"","meta":{"inline_featured_image":false},"product_cat":[1672],"product_tag":[],"class_list":{"0":"post-14018","1":"product","2":"type-product","3":"status-publish","4":"has-post-thumbnail","6":"product_cat-lodisu-pildspalvas-stativa","8":"first","9":"instock","10":"purchasable","11":"product-type-simple","12":"add-to-wishlist-after_add_to_cart"},"_links":{"self":[{"href":"https:\/\/alkaline.lv\/en\/wp-json\/wp\/v2\/product\/14018","targetHints":{"allow":["GET"]}}],"collection":[{"href":"https:\/\/alkaline.lv\/en\/wp-json\/wp\/v2\/product"}],"about":[{"href":"https:\/\/alkaline.lv\/en\/wp-json\/wp\/v2\/types\/product"}],"wp:featuredmedia":[{"embeddable":true,"href":"https:\/\/alkaline.lv\/en\/wp-json\/wp\/v2\/media\/14019"}],"wp:attachment":[{"href":"https:\/\/alkaline.lv\/en\/wp-json\/wp\/v2\/media?parent=14018"}],"wp:term":[{"taxonomy":"product_cat","embeddable":true,"href":"https:\/\/alkaline.lv\/en\/wp-json\/wp\/v2\/product_cat?post=14018"},{"taxonomy":"product_tag","embeddable":true,"href":"https:\/\/alkaline.lv\/en\/wp-json\/wp\/v2\/product_tag?post=14018"}],"curies":[{"name":"wp","href":"https:\/\/api.w.org\/{rel}","templated":true}]}}