{"id":14026,"date":"2022-05-31T17:44:26","date_gmt":"2022-05-31T14:44:26","guid":{"rendered":"https:\/\/alkaline.lv\/products\/lodisu-pildspalva-schneider-k15-sarkans-korpuss-sarkana-tinte\/"},"modified":"2022-06-15T16:22:03","modified_gmt":"2022-06-15T13:22:03","slug":"lodisu-pildspalva-schneider-k15-sarkans-korpuss-sarkana-tinte","status":"publish","type":"product","link":"https:\/\/alkaline.lv\/en\/products\/lodisu-pildspalva-schneider-k15-sarkans-korpuss-sarkana-tinte\/","title":{"rendered":"Lod\u012b\u0161u pildspalva SCHNEIDER K15, sarkans korpuss, sarkana tinte"},"content":{"rendered":"<p>\u2022 Autom\u0101tiska<br \/>\n\u2022 Iztur\u012bgs met\u0101la klipsis V\u016adensiztur\u012bga tinte, atbilsto\u0161a ISO-12757-2 A2 standartam<br \/>\n\u2022 Main\u0101ms serdenis OFFICE 765<br \/>\n\u2022 Lod\u012btes diametrs \u2013 0.7 mm<\/p>\n","protected":false},"excerpt":{"rendered":"<p>\u2022 Autom\u0101tiska \u2022 Iztur\u012bgs met\u0101la klipsis V\u016adensiztur\u012bga tinte, atbilsto\u0161a ISO-12757-2 A2 standartam \u2022 Main\u0101ms serdenis OFFICE 765 \u2022 Lod\u012btes diametrs \u2013 0.7 mm<\/p>\n","protected":false},"featured_media":14027,"template":"","meta":{"inline_featured_image":false},"product_cat":[541],"product_tag":[],"class_list":{"0":"post-14026","1":"product","2":"type-product","3":"status-publish","4":"has-post-thumbnail","6":"product_cat-lodisu-pildspalvas-2","8":"first","9":"outofstock","10":"purchasable","11":"product-type-simple","12":"add-to-wishlist-after_add_to_cart"},"_links":{"self":[{"href":"https:\/\/alkaline.lv\/en\/wp-json\/wp\/v2\/product\/14026","targetHints":{"allow":["GET"]}}],"collection":[{"href":"https:\/\/alkaline.lv\/en\/wp-json\/wp\/v2\/product"}],"about":[{"href":"https:\/\/alkaline.lv\/en\/wp-json\/wp\/v2\/types\/product"}],"wp:featuredmedia":[{"embeddable":true,"href":"https:\/\/alkaline.lv\/en\/wp-json\/wp\/v2\/media\/14027"}],"wp:attachment":[{"href":"https:\/\/alkaline.lv\/en\/wp-json\/wp\/v2\/media?parent=14026"}],"wp:term":[{"taxonomy":"product_cat","embeddable":true,"href":"https:\/\/alkaline.lv\/en\/wp-json\/wp\/v2\/product_cat?post=14026"},{"taxonomy":"product_tag","embeddable":true,"href":"https:\/\/alkaline.lv\/en\/wp-json\/wp\/v2\/product_tag?post=14026"}],"curies":[{"name":"wp","href":"https:\/\/api.w.org\/{rel}","templated":true}]}}