{"id":14036,"date":"2022-05-31T17:44:43","date_gmt":"2022-05-31T14:44:43","guid":{"rendered":"https:\/\/alkaline.lv\/products\/lodisu-pildspalva-schneider-office-melns-korpuss-melna-tinte\/"},"modified":"2022-06-15T16:22:23","modified_gmt":"2022-06-15T13:22:23","slug":"lodisu-pildspalva-schneider-office-melns-korpuss-melna-tinte","status":"publish","type":"product","link":"https:\/\/alkaline.lv\/en\/products\/lodisu-pildspalva-schneider-office-melns-korpuss-melna-tinte\/","title":{"rendered":"Lod\u012b\u0161u pildspalva SCHNEIDER OFFICE melns korpuss, melna tinte"},"content":{"rendered":"<p>\u2022 Autom\u0101tiska<br \/>\n\u2022 Iztur\u012bgs met\u0101la klipsis<br \/>\n\u2022 \u016adensiztur\u012bga tinte, izgatavota uz \u016bdens b\u0101zes<br \/>\n\u2022 Atbilsto\u0161a ISO-12757-2 H standartam<br \/>\n\u2022 Main\u0101ms serdenis OFFICE 765<br \/>\n\u2022 Lod\u012btes diametrs \u2013 1.0 mm<\/p>\n","protected":false},"excerpt":{"rendered":"<p>\u2022 Autom\u0101tiska \u2022 Iztur\u012bgs met\u0101la klipsis \u2022 \u016adensiztur\u012bga tinte, izgatavota uz \u016bdens b\u0101zes \u2022 Atbilsto\u0161a ISO-12757-2 H standartam \u2022 Main\u0101ms serdenis OFFICE 765 \u2022 Lod\u012btes diametrs \u2013 1.0 mm<\/p>\n","protected":false},"featured_media":14037,"template":"","meta":{"inline_featured_image":false},"product_cat":[541],"product_tag":[],"class_list":{"0":"post-14036","1":"product","2":"type-product","3":"status-publish","4":"has-post-thumbnail","6":"product_cat-lodisu-pildspalvas-2","8":"first","9":"outofstock","10":"purchasable","11":"product-type-simple","12":"add-to-wishlist-after_add_to_cart"},"_links":{"self":[{"href":"https:\/\/alkaline.lv\/en\/wp-json\/wp\/v2\/product\/14036","targetHints":{"allow":["GET"]}}],"collection":[{"href":"https:\/\/alkaline.lv\/en\/wp-json\/wp\/v2\/product"}],"about":[{"href":"https:\/\/alkaline.lv\/en\/wp-json\/wp\/v2\/types\/product"}],"wp:featuredmedia":[{"embeddable":true,"href":"https:\/\/alkaline.lv\/en\/wp-json\/wp\/v2\/media\/14037"}],"wp:attachment":[{"href":"https:\/\/alkaline.lv\/en\/wp-json\/wp\/v2\/media?parent=14036"}],"wp:term":[{"taxonomy":"product_cat","embeddable":true,"href":"https:\/\/alkaline.lv\/en\/wp-json\/wp\/v2\/product_cat?post=14036"},{"taxonomy":"product_tag","embeddable":true,"href":"https:\/\/alkaline.lv\/en\/wp-json\/wp\/v2\/product_tag?post=14036"}],"curies":[{"name":"wp","href":"https:\/\/api.w.org\/{rel}","templated":true}]}}