{"id":14042,"date":"2022-05-31T17:44:43","date_gmt":"2022-05-31T14:44:43","guid":{"rendered":"https:\/\/alkaline.lv\/products\/lodisu-pildspalva-schneider-505-m-05-mm-caurspidigs-korpuss-zila-tinte\/"},"modified":"2022-07-12T13:07:19","modified_gmt":"2022-07-12T10:07:19","slug":"lodisu-pildspalva-schneider-505-m-05-mm-caurspidigs-korpuss-zila-tinte","status":"publish","type":"product","link":"https:\/\/alkaline.lv\/en\/products\/lodisu-pildspalva-schneider-505-m-05-mm-caurspidigs-korpuss-zila-tinte\/","title":{"rendered":"Lod\u012b\u0161u pildspalva SCHNEIDER 505 M 0,5 mm, caursp\u012bd\u012bgs korpuss, zila tinte"},"content":{"rendered":"<p>\u2022 Vienreiz\u0113jas lieto\u0161anas<br \/>\n\u2022 Caursp\u012bd\u012bgs korpuss<br \/>\n\u2022 Uzga\u013ca un gala kr\u0101sa atbilst tintes kr\u0101sai<br \/>\n\u2022 Lod\u012btes diametrs \u2013 0.5<br \/>\nmm<\/p>\n","protected":false},"excerpt":{"rendered":"<p>\u2022 Vienreiz\u0113jas lieto\u0161anas \u2022 Caursp\u012bd\u012bgs korpuss \u2022 Uzga\u013ca un gala kr\u0101sa atbilst tintes kr\u0101sai \u2022 Lod\u012btes diametrs \u2013 0.5 mm<\/p>\n","protected":false},"featured_media":14043,"template":"","meta":{"inline_featured_image":false},"product_cat":[541],"product_tag":[],"class_list":{"0":"post-14042","1":"product","2":"type-product","3":"status-publish","4":"has-post-thumbnail","6":"product_cat-lodisu-pildspalvas-2","8":"first","9":"instock","10":"purchasable","11":"product-type-simple","12":"add-to-wishlist-after_add_to_cart"},"_links":{"self":[{"href":"https:\/\/alkaline.lv\/en\/wp-json\/wp\/v2\/product\/14042"}],"collection":[{"href":"https:\/\/alkaline.lv\/en\/wp-json\/wp\/v2\/product"}],"about":[{"href":"https:\/\/alkaline.lv\/en\/wp-json\/wp\/v2\/types\/product"}],"wp:featuredmedia":[{"embeddable":true,"href":"https:\/\/alkaline.lv\/en\/wp-json\/wp\/v2\/media\/14043"}],"wp:attachment":[{"href":"https:\/\/alkaline.lv\/en\/wp-json\/wp\/v2\/media?parent=14042"}],"wp:term":[{"taxonomy":"product_cat","embeddable":true,"href":"https:\/\/alkaline.lv\/en\/wp-json\/wp\/v2\/product_cat?post=14042"},{"taxonomy":"product_tag","embeddable":true,"href":"https:\/\/alkaline.lv\/en\/wp-json\/wp\/v2\/product_tag?post=14042"}],"curies":[{"name":"wp","href":"https:\/\/api.w.org\/{rel}","templated":true}]}}