{"id":14044,"date":"2022-05-31T17:44:43","date_gmt":"2022-05-31T14:44:43","guid":{"rendered":"https:\/\/alkaline.lv\/products\/lodisu-pildspalva-schneider-505-f-0-7mm-dzeltens-korpuss-sarkana\/"},"modified":"2022-06-15T16:22:38","modified_gmt":"2022-06-15T13:22:38","slug":"lodisu-pildspalva-schneider-505-f-0-7mm-dzeltens-korpuss-sarkana","status":"publish","type":"product","link":"https:\/\/alkaline.lv\/en\/products\/lodisu-pildspalva-schneider-505-f-0-7mm-dzeltens-korpuss-sarkana\/","title":{"rendered":"Lod\u012b\u0161u pildspalva SCHNEIDER 505 F 0.7mm, dzeltens korpuss, sarkana"},"content":{"rendered":"<p>\u2022 Vienreiz\u0113jas lieto\u0161anas<br \/>\n\u2022 Dzeltens korpuss<br \/>\n\u2022 Uzga\u013ca un gala kr\u0101sa atbilst tintes kr\u0101sai<br \/>\n\u2022 Lod\u012btes diametrs \u2013 0.7 mm<\/p>\n","protected":false},"excerpt":{"rendered":"<p>\u2022 Vienreiz\u0113jas lieto\u0161anas \u2022 Dzeltens korpuss \u2022 Uzga\u013ca un gala kr\u0101sa atbilst tintes kr\u0101sai \u2022 Lod\u012btes diametrs \u2013 0.7 mm<\/p>\n","protected":false},"featured_media":14045,"template":"","meta":{"inline_featured_image":false},"product_cat":[541],"product_tag":[],"class_list":{"0":"post-14044","1":"product","2":"type-product","3":"status-publish","4":"has-post-thumbnail","6":"product_cat-lodisu-pildspalvas-2","8":"first","9":"outofstock","10":"purchasable","11":"product-type-simple","12":"add-to-wishlist-after_add_to_cart"},"_links":{"self":[{"href":"https:\/\/alkaline.lv\/en\/wp-json\/wp\/v2\/product\/14044"}],"collection":[{"href":"https:\/\/alkaline.lv\/en\/wp-json\/wp\/v2\/product"}],"about":[{"href":"https:\/\/alkaline.lv\/en\/wp-json\/wp\/v2\/types\/product"}],"wp:featuredmedia":[{"embeddable":true,"href":"https:\/\/alkaline.lv\/en\/wp-json\/wp\/v2\/media\/14045"}],"wp:attachment":[{"href":"https:\/\/alkaline.lv\/en\/wp-json\/wp\/v2\/media?parent=14044"}],"wp:term":[{"taxonomy":"product_cat","embeddable":true,"href":"https:\/\/alkaline.lv\/en\/wp-json\/wp\/v2\/product_cat?post=14044"},{"taxonomy":"product_tag","embeddable":true,"href":"https:\/\/alkaline.lv\/en\/wp-json\/wp\/v2\/product_tag?post=14044"}],"curies":[{"name":"wp","href":"https:\/\/api.w.org\/{rel}","templated":true}]}}