{"id":14054,"date":"2022-05-31T17:44:43","date_gmt":"2022-05-31T14:44:43","guid":{"rendered":"https:\/\/alkaline.lv\/products\/gela-pildspalva-ico-gel-ico-0-5mm-zila-tinte\/"},"modified":"2022-07-12T13:06:04","modified_gmt":"2022-07-12T10:06:04","slug":"gela-pildspalva-ico-gel-ico-0-5mm-zila-tinte","status":"publish","type":"product","link":"https:\/\/alkaline.lv\/en\/products\/gela-pildspalva-ico-gel-ico-0-5mm-zila-tinte\/","title":{"rendered":"Gela pildspalva ICO GEL-ICO 0.5mm, zila tinte"},"content":{"rendered":"<p>\u2022 Ar gumijas ielaidumu satv\u0113riena zon\u0101 \u0113rt\u0101kai rakst\u012b\u0161anai<br \/>\n\u2022 Lod\u012btes diamters \u2013 0.5 mm<\/p>\n","protected":false},"excerpt":{"rendered":"<p>\u2022 Ar gumijas ielaidumu satv\u0113riena zon\u0101 \u0113rt\u0101kai rakst\u012b\u0161anai \u2022 Lod\u012btes diamters \u2013 0.5 mm<\/p>\n","protected":false},"featured_media":14055,"template":"","meta":{"inline_featured_image":false},"product_cat":[348],"product_tag":[],"class_list":{"0":"post-14054","1":"product","2":"type-product","3":"status-publish","4":"has-post-thumbnail","6":"product_cat-gela-pildspalvas","8":"first","9":"instock","10":"purchasable","11":"product-type-simple","12":"add-to-wishlist-after_add_to_cart"},"_links":{"self":[{"href":"https:\/\/alkaline.lv\/en\/wp-json\/wp\/v2\/product\/14054"}],"collection":[{"href":"https:\/\/alkaline.lv\/en\/wp-json\/wp\/v2\/product"}],"about":[{"href":"https:\/\/alkaline.lv\/en\/wp-json\/wp\/v2\/types\/product"}],"wp:featuredmedia":[{"embeddable":true,"href":"https:\/\/alkaline.lv\/en\/wp-json\/wp\/v2\/media\/14055"}],"wp:attachment":[{"href":"https:\/\/alkaline.lv\/en\/wp-json\/wp\/v2\/media?parent=14054"}],"wp:term":[{"taxonomy":"product_cat","embeddable":true,"href":"https:\/\/alkaline.lv\/en\/wp-json\/wp\/v2\/product_cat?post=14054"},{"taxonomy":"product_tag","embeddable":true,"href":"https:\/\/alkaline.lv\/en\/wp-json\/wp\/v2\/product_tag?post=14054"}],"curies":[{"name":"wp","href":"https:\/\/api.w.org\/{rel}","templated":true}]}}