{"id":14068,"date":"2022-05-31T17:45:00","date_gmt":"2022-05-31T14:45:00","guid":{"rendered":"https:\/\/alkaline.lv\/products\/gela-pildspalva-zebra-rx-j-roller-f-0-5mm-zila\/"},"modified":"2022-07-12T13:06:31","modified_gmt":"2022-07-12T10:06:31","slug":"gela-pildspalva-zebra-rx-j-roller-f-0-5mm-zila","status":"publish","type":"product","link":"https:\/\/alkaline.lv\/en\/products\/gela-pildspalva-zebra-rx-j-roller-f-0-5mm-zila\/","title":{"rendered":"Gela pildspalva ZEBRA RX J-ROLLER F 0.5mm zila"},"content":{"rendered":"<p>\u2022 Gela<br \/>\n\u2022 Ergonomiska satv\u0113riena zona<br \/>\n\u2022 Tinte izgatavota uz \u016bdens b\u0101zes, izpl\u016bst vienm\u0113r\u012bgi, nodro\u0161inot komfortablu rakst\u012b\u0161anu, neskr\u0101p\u0113jot pap\u012bru<br \/>\n\u2022 Main\u0101ms serdenis J<br \/>\n\u2022 Lod\u012btes diametrs \u2013 0.5 mm<\/p>\n","protected":false},"excerpt":{"rendered":"<p>\u2022 Gela \u2022 Ergonomiska satv\u0113riena zona \u2022 Tinte izgatavota uz \u016bdens b\u0101zes, izpl\u016bst vienm\u0113r\u012bgi, nodro\u0161inot komfortablu rakst\u012b\u0161anu, neskr\u0101p\u0113jot pap\u012bru \u2022 Main\u0101ms serdenis J \u2022 Lod\u012btes diametrs \u2013 0.5 mm<\/p>\n","protected":false},"featured_media":14069,"template":"","meta":{"inline_featured_image":false},"product_cat":[348],"product_tag":[],"class_list":{"0":"post-14068","1":"product","2":"type-product","3":"status-publish","4":"has-post-thumbnail","6":"product_cat-gela-pildspalvas","8":"first","9":"instock","10":"purchasable","11":"product-type-simple","12":"add-to-wishlist-after_add_to_cart"},"_links":{"self":[{"href":"https:\/\/alkaline.lv\/en\/wp-json\/wp\/v2\/product\/14068","targetHints":{"allow":["GET"]}}],"collection":[{"href":"https:\/\/alkaline.lv\/en\/wp-json\/wp\/v2\/product"}],"about":[{"href":"https:\/\/alkaline.lv\/en\/wp-json\/wp\/v2\/types\/product"}],"wp:featuredmedia":[{"embeddable":true,"href":"https:\/\/alkaline.lv\/en\/wp-json\/wp\/v2\/media\/14069"}],"wp:attachment":[{"href":"https:\/\/alkaline.lv\/en\/wp-json\/wp\/v2\/media?parent=14068"}],"wp:term":[{"taxonomy":"product_cat","embeddable":true,"href":"https:\/\/alkaline.lv\/en\/wp-json\/wp\/v2\/product_cat?post=14068"},{"taxonomy":"product_tag","embeddable":true,"href":"https:\/\/alkaline.lv\/en\/wp-json\/wp\/v2\/product_tag?post=14068"}],"curies":[{"name":"wp","href":"https:\/\/api.w.org\/{rel}","templated":true}]}}