{"id":14076,"date":"2022-05-31T17:45:00","date_gmt":"2022-05-31T14:45:00","guid":{"rendered":"https:\/\/alkaline.lv\/products\/gela-pildspalva-zebra-sarasa-clip-eco-0-7mm-zila\/"},"modified":"2022-07-12T13:06:17","modified_gmt":"2022-07-12T10:06:17","slug":"gela-pildspalva-zebra-sarasa-clip-eco-0-7mm-zila","status":"publish","type":"product","link":"https:\/\/alkaline.lv\/en\/products\/gela-pildspalva-zebra-sarasa-clip-eco-0-7mm-zila\/","title":{"rendered":"Gela pildspalva ZEBRA SARASA Clip Eco 0.7mm zila"},"content":{"rendered":"<p>\u2022 Autom\u0101tiska<br \/>\n\u2022 Ar gumijas ielaidumu satv\u0113riena zon\u0101, \u0113rt\u0101kai rakst\u012b\u0161anai<br \/>\n\u2022 Izgatavota no otrreiz p\u0101rstr\u0101d\u0101ta materi\u0101la &#8211; plastik\u0101ta (PET) pudel\u0113m<br \/>\n\u2022 Main\u0101ms serdenis JF<br \/>\n\u2022 Lod\u012btes diametrs \u2013 0.7 mm<\/p>\n","protected":false},"excerpt":{"rendered":"<p>\u2022 Autom\u0101tiska \u2022 Ar gumijas ielaidumu satv\u0113riena zon\u0101, \u0113rt\u0101kai rakst\u012b\u0161anai \u2022 Izgatavota no otrreiz p\u0101rstr\u0101d\u0101ta materi\u0101la &#8211; plastik\u0101ta (PET) pudel\u0113m \u2022 Main\u0101ms serdenis JF \u2022 Lod\u012btes diametrs \u2013 0.7 mm<\/p>\n","protected":false},"featured_media":14077,"template":"","meta":{"inline_featured_image":false},"product_cat":[348],"product_tag":[],"class_list":{"0":"post-14076","1":"product","2":"type-product","3":"status-publish","4":"has-post-thumbnail","6":"product_cat-gela-pildspalvas","8":"first","9":"instock","10":"purchasable","11":"product-type-simple","12":"add-to-wishlist-after_add_to_cart"},"_links":{"self":[{"href":"https:\/\/alkaline.lv\/en\/wp-json\/wp\/v2\/product\/14076"}],"collection":[{"href":"https:\/\/alkaline.lv\/en\/wp-json\/wp\/v2\/product"}],"about":[{"href":"https:\/\/alkaline.lv\/en\/wp-json\/wp\/v2\/types\/product"}],"wp:featuredmedia":[{"embeddable":true,"href":"https:\/\/alkaline.lv\/en\/wp-json\/wp\/v2\/media\/14077"}],"wp:attachment":[{"href":"https:\/\/alkaline.lv\/en\/wp-json\/wp\/v2\/media?parent=14076"}],"wp:term":[{"taxonomy":"product_cat","embeddable":true,"href":"https:\/\/alkaline.lv\/en\/wp-json\/wp\/v2\/product_cat?post=14076"},{"taxonomy":"product_tag","embeddable":true,"href":"https:\/\/alkaline.lv\/en\/wp-json\/wp\/v2\/product_tag?post=14076"}],"curies":[{"name":"wp","href":"https:\/\/api.w.org\/{rel}","templated":true}]}}