{"id":14084,"date":"2022-05-31T17:45:00","date_gmt":"2022-05-31T14:45:00","guid":{"rendered":"https:\/\/alkaline.lv\/products\/gela-pildspalva-forpus-perfect-0-5mm-zila\/"},"modified":"2022-12-06T14:06:14","modified_gmt":"2022-12-06T12:06:14","slug":"gela-pildspalva-forpus-perfect-0-5mm-zila","status":"publish","type":"product","link":"https:\/\/alkaline.lv\/en\/products\/gela-pildspalva-forpus-perfect-0-5mm-zila\/","title":{"rendered":"Gela pildspalva FORPUS PERFECT 0.5mm zila"},"content":{"rendered":"<p>\u2022 Ar gumijas ielaidumu satv\u0113riena zon\u0101 \u0113rt\u0101kai rakst\u012b\u0161anai <br \/>\u2022 Adatveida gals <br \/>\u2022 L\u012bnijas platums\u2013 0.5 mm, Lod\u012btes diametrs 0.6 mm <br \/>\u2022Tinte izgatavota uz \u016bdens b\u0101zes<br \/>\u2022 Ra\u017eotaja preces kods FO51910<\/p>\n","protected":false},"excerpt":{"rendered":"<p>\u2022 Ar gumijas ielaidumu satv\u0113riena zon\u0101 \u0113rt\u0101kai rakst\u012b\u0161anai \u2022 Adatveida gals \u2022 L\u012bnijas platums\u2013 0.5 mm, Lod\u012btes diametrs 0.6 mm \u2022Tinte izgatavota uz \u016bdens b\u0101zes\u2022 Ra\u017eotaja preces kods FO51910<\/p>\n","protected":false},"featured_media":14085,"template":"","meta":{"inline_featured_image":false},"product_cat":[348],"product_tag":[],"class_list":{"0":"post-14084","1":"product","2":"type-product","3":"status-publish","4":"has-post-thumbnail","6":"product_cat-gela-pildspalvas","8":"first","9":"instock","10":"purchasable","11":"product-type-simple","12":"add-to-wishlist-after_add_to_cart"},"_links":{"self":[{"href":"https:\/\/alkaline.lv\/en\/wp-json\/wp\/v2\/product\/14084"}],"collection":[{"href":"https:\/\/alkaline.lv\/en\/wp-json\/wp\/v2\/product"}],"about":[{"href":"https:\/\/alkaline.lv\/en\/wp-json\/wp\/v2\/types\/product"}],"wp:featuredmedia":[{"embeddable":true,"href":"https:\/\/alkaline.lv\/en\/wp-json\/wp\/v2\/media\/14085"}],"wp:attachment":[{"href":"https:\/\/alkaline.lv\/en\/wp-json\/wp\/v2\/media?parent=14084"}],"wp:term":[{"taxonomy":"product_cat","embeddable":true,"href":"https:\/\/alkaline.lv\/en\/wp-json\/wp\/v2\/product_cat?post=14084"},{"taxonomy":"product_tag","embeddable":true,"href":"https:\/\/alkaline.lv\/en\/wp-json\/wp\/v2\/product_tag?post=14084"}],"curies":[{"name":"wp","href":"https:\/\/api.w.org\/{rel}","templated":true}]}}