{"id":14092,"date":"2022-05-31T17:45:00","date_gmt":"2022-05-31T14:45:00","guid":{"rendered":"https:\/\/alkaline.lv\/products\/flomasterveida-pildspalva-staedtler-triplus-fineliner-0-3mm-zila-tinte\/"},"modified":"2022-07-12T13:06:07","modified_gmt":"2022-07-12T10:06:07","slug":"flomasterveida-pildspalva-staedtler-triplus-fineliner-0-3mm-zila-tinte","status":"publish","type":"product","link":"https:\/\/alkaline.lv\/en\/products\/flomasterveida-pildspalva-staedtler-triplus-fineliner-0-3mm-zila-tinte\/","title":{"rendered":"Flomasterveida pildspalva STAEDTLER TRIPLUS fineliner, 0.3mm, zila tinte"},"content":{"rendered":"<p>\u2022 Flomastera tipa pildspalva<br \/>\n\u2022Vienreiz\u0113jas lieto\u0161anas<br \/>\n\u2022Ergonomisks, iztur\u012bgs, tr\u012bsst\u016brveida korpuss pel\u0113k\u0101 kr\u0101s\u0101. Uzga\u013ca kr\u0101sa pieska\u0146ota tintes kr\u0101sai<br \/>\n\u2022Tinte uz \u016bdens b\u0101zes, neiz\u017e\u016bst, atst\u0101jot pildspalvu bez v\u0101ci\u0146a<br \/>\n\u2022L\u012bnijas platums \u2013 0.3 mm<\/p>\n","protected":false},"excerpt":{"rendered":"<p>\u2022 Flomastera tipa pildspalva \u2022Vienreiz\u0113jas lieto\u0161anas \u2022Ergonomisks, iztur\u012bgs, tr\u012bsst\u016brveida korpuss pel\u0113k\u0101 kr\u0101s\u0101. Uzga\u013ca kr\u0101sa pieska\u0146ota tintes kr\u0101sai \u2022Tinte uz \u016bdens b\u0101zes, neiz\u017e\u016bst, atst\u0101jot pildspalvu bez v\u0101ci\u0146a \u2022L\u012bnijas platums \u2013 0.3 mm<\/p>\n","protected":false},"featured_media":14093,"template":"","meta":{"inline_featured_image":false},"product_cat":[1670],"product_tag":[],"class_list":{"0":"post-14092","1":"product","2":"type-product","3":"status-publish","4":"has-post-thumbnail","6":"product_cat-rolleri","8":"first","9":"instock","10":"purchasable","11":"product-type-simple","12":"add-to-wishlist-after_add_to_cart"},"_links":{"self":[{"href":"https:\/\/alkaline.lv\/en\/wp-json\/wp\/v2\/product\/14092"}],"collection":[{"href":"https:\/\/alkaline.lv\/en\/wp-json\/wp\/v2\/product"}],"about":[{"href":"https:\/\/alkaline.lv\/en\/wp-json\/wp\/v2\/types\/product"}],"wp:featuredmedia":[{"embeddable":true,"href":"https:\/\/alkaline.lv\/en\/wp-json\/wp\/v2\/media\/14093"}],"wp:attachment":[{"href":"https:\/\/alkaline.lv\/en\/wp-json\/wp\/v2\/media?parent=14092"}],"wp:term":[{"taxonomy":"product_cat","embeddable":true,"href":"https:\/\/alkaline.lv\/en\/wp-json\/wp\/v2\/product_cat?post=14092"},{"taxonomy":"product_tag","embeddable":true,"href":"https:\/\/alkaline.lv\/en\/wp-json\/wp\/v2\/product_tag?post=14092"}],"curies":[{"name":"wp","href":"https:\/\/api.w.org\/{rel}","templated":true}]}}