{"id":14106,"date":"2022-05-31T17:45:00","date_gmt":"2022-05-31T14:45:00","guid":{"rendered":"https:\/\/alkaline.lv\/products\/lodisu-pildspalva-schneider-slider-basic-f-0-3-mm-melna-tinte\/"},"modified":"2023-09-28T11:10:48","modified_gmt":"2023-09-28T08:10:48","slug":"lodisu-pildspalva-schneider-slider-basic-f-0-3-mm-melna-tinte","status":"publish","type":"product","link":"https:\/\/alkaline.lv\/en\/products\/lodisu-pildspalva-schneider-slider-basic-f-0-3-mm-melna-tinte\/","title":{"rendered":"Lod\u012b\u0161u pildspalva SCHNEIDER SLIDER BASIC F, 0.3 mm, melna tinte"},"content":{"rendered":"<p>Vienreiz\u0113jas lieto\u0161anas<br \/>\nAr gumijas ielaidumu satv\u0113riena zon\u0101 \u0113rt\u0101kai rakst\u012b\u0161anai ViscoGlide\u00ae tehnolo\u0123ija sniedz pat\u012bkamu un z\u012bdainu rakst\u012b\u0161anas saj\u016btu<br \/>\n\u0100tri \u017e\u016bsto\u0161a tinte, izgatavota uz \u016bdens b\u0101zes 0.3 mm<\/p>\n","protected":false},"excerpt":{"rendered":"<p>Vienreiz\u0113jas lieto\u0161anas Ar gumijas ielaidumu satv\u0113riena zon\u0101 \u0113rt\u0101kai rakst\u012b\u0161anai ViscoGlide\u00ae tehnolo\u0123ija sniedz pat\u012bkamu un z\u012bdainu rakst\u012b\u0161anas saj\u016btu \u0100tri \u017e\u016bsto\u0161a tinte, izgatavota uz \u016bdens b\u0101zes 0.3 mm<\/p>\n","protected":false},"featured_media":61283,"template":"","meta":{"inline_featured_image":false},"product_cat":[541],"product_tag":[],"class_list":{"0":"post-14106","1":"product","2":"type-product","3":"status-publish","4":"has-post-thumbnail","6":"product_cat-lodisu-pildspalvas-2","8":"first","9":"instock","10":"purchasable","11":"product-type-simple","12":"add-to-wishlist-after_add_to_cart"},"_links":{"self":[{"href":"https:\/\/alkaline.lv\/en\/wp-json\/wp\/v2\/product\/14106"}],"collection":[{"href":"https:\/\/alkaline.lv\/en\/wp-json\/wp\/v2\/product"}],"about":[{"href":"https:\/\/alkaline.lv\/en\/wp-json\/wp\/v2\/types\/product"}],"wp:featuredmedia":[{"embeddable":true,"href":"https:\/\/alkaline.lv\/en\/wp-json\/wp\/v2\/media\/61283"}],"wp:attachment":[{"href":"https:\/\/alkaline.lv\/en\/wp-json\/wp\/v2\/media?parent=14106"}],"wp:term":[{"taxonomy":"product_cat","embeddable":true,"href":"https:\/\/alkaline.lv\/en\/wp-json\/wp\/v2\/product_cat?post=14106"},{"taxonomy":"product_tag","embeddable":true,"href":"https:\/\/alkaline.lv\/en\/wp-json\/wp\/v2\/product_tag?post=14106"}],"curies":[{"name":"wp","href":"https:\/\/api.w.org\/{rel}","templated":true}]}}