{"id":14121,"date":"2022-05-31T17:45:17","date_gmt":"2022-05-31T14:45:17","guid":{"rendered":"https:\/\/alkaline.lv\/products\/gela-pildspalva-schneider-gelion-1-zila-tinte\/"},"modified":"2022-07-12T13:06:13","modified_gmt":"2022-07-12T10:06:13","slug":"gela-pildspalva-schneider-gelion-1-zila-tinte","status":"publish","type":"product","link":"https:\/\/alkaline.lv\/en\/products\/gela-pildspalva-schneider-gelion-1-zila-tinte\/","title":{"rendered":"Gela pildspalva SCHNEIDER GELION 1, zila tinte"},"content":{"rendered":"<p>\u2022 Autom\u0101tiska<br \/>\n\u2022 Elast\u012bgs, m\u012bksts, nesl\u012bdo\u0161s gumijas ielaidums satv\u0113riena zon\u0101 \u0113rt\u0101kai rakst\u012b\u0161anai<br \/>\n\u2022 \u016adensiztur\u012bga tinte, atbilsto\u0161a ISO-12757-2 G2 standartam<br \/>\n\u2022 Main\u0101ms serdenis GELION 39<br \/>\n\u2022 L\u012bnijas platums \u2013 0.4 mm<\/p>\n","protected":false},"excerpt":{"rendered":"<p>\u2022 Autom\u0101tiska \u2022 Elast\u012bgs, m\u012bksts, nesl\u012bdo\u0161s gumijas ielaidums satv\u0113riena zon\u0101 \u0113rt\u0101kai rakst\u012b\u0161anai \u2022 \u016adensiztur\u012bga tinte, atbilsto\u0161a ISO-12757-2 G2 standartam \u2022 Main\u0101ms serdenis GELION 39 \u2022 L\u012bnijas platums \u2013 0.4 mm<\/p>\n","protected":false},"featured_media":14122,"template":"","meta":{"inline_featured_image":false},"product_cat":[348],"product_tag":[],"class_list":{"0":"post-14121","1":"product","2":"type-product","3":"status-publish","4":"has-post-thumbnail","6":"product_cat-gela-pildspalvas","8":"first","9":"instock","10":"purchasable","11":"product-type-simple","12":"add-to-wishlist-after_add_to_cart"},"_links":{"self":[{"href":"https:\/\/alkaline.lv\/en\/wp-json\/wp\/v2\/product\/14121"}],"collection":[{"href":"https:\/\/alkaline.lv\/en\/wp-json\/wp\/v2\/product"}],"about":[{"href":"https:\/\/alkaline.lv\/en\/wp-json\/wp\/v2\/types\/product"}],"wp:featuredmedia":[{"embeddable":true,"href":"https:\/\/alkaline.lv\/en\/wp-json\/wp\/v2\/media\/14122"}],"wp:attachment":[{"href":"https:\/\/alkaline.lv\/en\/wp-json\/wp\/v2\/media?parent=14121"}],"wp:term":[{"taxonomy":"product_cat","embeddable":true,"href":"https:\/\/alkaline.lv\/en\/wp-json\/wp\/v2\/product_cat?post=14121"},{"taxonomy":"product_tag","embeddable":true,"href":"https:\/\/alkaline.lv\/en\/wp-json\/wp\/v2\/product_tag?post=14121"}],"curies":[{"name":"wp","href":"https:\/\/api.w.org\/{rel}","templated":true}]}}