{"id":14153,"date":"2022-05-31T17:45:35","date_gmt":"2022-05-31T14:45:35","guid":{"rendered":"https:\/\/alkaline.lv\/products\/tintes-kapsulas-schneider-spalvu-pildspalvam-6gab-melnas\/"},"modified":"2022-06-16T11:25:35","modified_gmt":"2022-06-16T08:25:35","slug":"tintes-kapsulas-schneider-spalvu-pildspalvam-6gab-melnas","status":"publish","type":"product","link":"https:\/\/alkaline.lv\/en\/products\/tintes-kapsulas-schneider-spalvu-pildspalvam-6gab-melnas\/","title":{"rendered":"Tintes kapsulas SCHNEIDER spalvu pildspalv\u0101m 6gab., melnas"},"content":{"rendered":"<p>\u2022 Standarta izm\u0113ra da\u017e\u0101d\u0101m spalvu pildspalv\u0101m<br \/>\n\u2022 kartona iepakojum\u0101 &#8211; 6 kapsulas<\/p>\n","protected":false},"excerpt":{"rendered":"<p>\u2022 Standarta izm\u0113ra da\u017e\u0101d\u0101m spalvu pildspalv\u0101m \u2022 kartona iepakojum\u0101 &#8211; 6 kapsulas<\/p>\n","protected":false},"featured_media":14154,"template":"","meta":{"inline_featured_image":false},"product_cat":[1673],"product_tag":[],"class_list":{"0":"post-14153","1":"product","2":"type-product","3":"status-publish","4":"has-post-thumbnail","6":"product_cat-tintes-kapsulas","8":"first","9":"outofstock","10":"purchasable","11":"product-type-simple","12":"add-to-wishlist-after_add_to_cart"},"_links":{"self":[{"href":"https:\/\/alkaline.lv\/en\/wp-json\/wp\/v2\/product\/14153"}],"collection":[{"href":"https:\/\/alkaline.lv\/en\/wp-json\/wp\/v2\/product"}],"about":[{"href":"https:\/\/alkaline.lv\/en\/wp-json\/wp\/v2\/types\/product"}],"wp:featuredmedia":[{"embeddable":true,"href":"https:\/\/alkaline.lv\/en\/wp-json\/wp\/v2\/media\/14154"}],"wp:attachment":[{"href":"https:\/\/alkaline.lv\/en\/wp-json\/wp\/v2\/media?parent=14153"}],"wp:term":[{"taxonomy":"product_cat","embeddable":true,"href":"https:\/\/alkaline.lv\/en\/wp-json\/wp\/v2\/product_cat?post=14153"},{"taxonomy":"product_tag","embeddable":true,"href":"https:\/\/alkaline.lv\/en\/wp-json\/wp\/v2\/product_tag?post=14153"}],"curies":[{"name":"wp","href":"https:\/\/api.w.org\/{rel}","templated":true}]}}