{"id":14219,"date":"2022-05-31T17:45:52","date_gmt":"2022-05-31T14:45:52","guid":{"rendered":"https:\/\/alkaline.lv\/products\/flomasteri-carioca-joy-24-krasas\/"},"modified":"2022-06-15T00:58:56","modified_gmt":"2022-06-14T21:58:56","slug":"flomasteri-carioca-joy-24-krasas","status":"publish","type":"product","link":"https:\/\/alkaline.lv\/en\/products\/flomasteri-carioca-joy-24-krasas\/","title":{"rendered":"Flomasteri CARIOCA JOY 24 kr\u0101sas"},"content":{"rendered":"<p>Serde\u0146a platums \u2013 2 mm Raksta garums \u2013 800 m Trecieniztur\u012bgs flomastera gals Tinte uz \u016bdens b\u0101zes, viegli izmazg\u0101jama Kartona iepakojums 24 kr\u0101su komplekts<\/p>\n","protected":false},"excerpt":{"rendered":"<p>Serde\u0146a platums \u2013 2 mm Raksta garums \u2013 800 m Trecieniztur\u012bgs flomastera gals Tinte uz \u016bdens b\u0101zes, viegli izmazg\u0101jama Kartona iepakojums 24 kr\u0101su komplekts<\/p>\n","protected":false},"featured_media":14220,"template":"","meta":{"inline_featured_image":false},"product_cat":[335],"product_tag":[],"class_list":{"0":"post-14219","1":"product","2":"type-product","3":"status-publish","4":"has-post-thumbnail","6":"product_cat-flomasteri","8":"first","9":"outofstock","10":"purchasable","11":"product-type-simple","12":"add-to-wishlist-after_add_to_cart"},"_links":{"self":[{"href":"https:\/\/alkaline.lv\/en\/wp-json\/wp\/v2\/product\/14219"}],"collection":[{"href":"https:\/\/alkaline.lv\/en\/wp-json\/wp\/v2\/product"}],"about":[{"href":"https:\/\/alkaline.lv\/en\/wp-json\/wp\/v2\/types\/product"}],"wp:featuredmedia":[{"embeddable":true,"href":"https:\/\/alkaline.lv\/en\/wp-json\/wp\/v2\/media\/14220"}],"wp:attachment":[{"href":"https:\/\/alkaline.lv\/en\/wp-json\/wp\/v2\/media?parent=14219"}],"wp:term":[{"taxonomy":"product_cat","embeddable":true,"href":"https:\/\/alkaline.lv\/en\/wp-json\/wp\/v2\/product_cat?post=14219"},{"taxonomy":"product_tag","embeddable":true,"href":"https:\/\/alkaline.lv\/en\/wp-json\/wp\/v2\/product_tag?post=14219"}],"curies":[{"name":"wp","href":"https:\/\/api.w.org\/{rel}","templated":true}]}}