{"id":14234,"date":"2022-05-31T17:45:52","date_gmt":"2022-05-31T14:45:52","guid":{"rendered":"https:\/\/alkaline.lv\/products\/teksta-markieris-schneider-job-zals\/"},"modified":"2022-07-12T13:08:02","modified_gmt":"2022-07-12T10:08:02","slug":"teksta-markieris-schneider-job-zals","status":"publish","type":"product","link":"https:\/\/alkaline.lv\/en\/products\/teksta-markieris-schneider-job-zals\/","title":{"rendered":"Teksta mar\u0137ieris SCHNEIDER JOB, za\u013c\u0161"},"content":{"rendered":"<p>\u2022 Sl\u012bps serdenis<br \/>\n\u2022 Dokumentiem, kopij\u0101m, faksiem<br \/>\n\u2022 Spilgtas kr\u0101sas, gaism\u0101 neizbalo<br \/>\n\u2022 Tinte izgatavota uz \u016bdens b\u0101zes<br \/>\n\u2022 Liels tintes rezervu\u0101rs<br \/>\n\u2022 L\u012bnijas platums 1- 5 mm<\/p>\n","protected":false},"excerpt":{"rendered":"<p>\u2022 Sl\u012bps serdenis \u2022 Dokumentiem, kopij\u0101m, faksiem \u2022 Spilgtas kr\u0101sas, gaism\u0101 neizbalo \u2022 Tinte izgatavota uz \u016bdens b\u0101zes \u2022 Liels tintes rezervu\u0101rs \u2022 L\u012bnijas platums 1- 5 mm<\/p>\n","protected":false},"featured_media":14235,"template":"","meta":{"inline_featured_image":false},"product_cat":[558],"product_tag":[],"class_list":{"0":"post-14234","1":"product","2":"type-product","3":"status-publish","4":"has-post-thumbnail","6":"product_cat-teksta-markieri-2","8":"first","9":"instock","10":"purchasable","11":"product-type-simple","12":"add-to-wishlist-after_add_to_cart"},"_links":{"self":[{"href":"https:\/\/alkaline.lv\/en\/wp-json\/wp\/v2\/product\/14234"}],"collection":[{"href":"https:\/\/alkaline.lv\/en\/wp-json\/wp\/v2\/product"}],"about":[{"href":"https:\/\/alkaline.lv\/en\/wp-json\/wp\/v2\/types\/product"}],"wp:featuredmedia":[{"embeddable":true,"href":"https:\/\/alkaline.lv\/en\/wp-json\/wp\/v2\/media\/14235"}],"wp:attachment":[{"href":"https:\/\/alkaline.lv\/en\/wp-json\/wp\/v2\/media?parent=14234"}],"wp:term":[{"taxonomy":"product_cat","embeddable":true,"href":"https:\/\/alkaline.lv\/en\/wp-json\/wp\/v2\/product_cat?post=14234"},{"taxonomy":"product_tag","embeddable":true,"href":"https:\/\/alkaline.lv\/en\/wp-json\/wp\/v2\/product_tag?post=14234"}],"curies":[{"name":"wp","href":"https:\/\/api.w.org\/{rel}","templated":true}]}}