{"id":14289,"date":"2022-05-31T17:46:25","date_gmt":"2022-05-31T14:46:25","guid":{"rendered":"https:\/\/alkaline.lv\/products\/noturigais-markieris-staedtler-lumocolor-duo-dubults-sarkans\/"},"modified":"2022-07-12T13:07:59","modified_gmt":"2022-07-12T10:07:59","slug":"noturigais-markieris-staedtler-lumocolor-duo-dubults-sarkans","status":"publish","type":"product","link":"https:\/\/alkaline.lv\/en\/products\/noturigais-markieris-staedtler-lumocolor-duo-dubults-sarkans\/","title":{"rendered":"Notur\u012bgais mar\u0137ieris STAEDTLER LUMOCOLOR DUO, dubults sarkans"},"content":{"rendered":"<p>\u2022 Divi koniski serde\u0146i<br \/>\n\u2022 Neiz\u017e\u016bst, atst\u0101jot mar\u0137ieri bez v\u0101ci\u0146a neierobe\u017eotu laiku (ISO554)<br \/>\n\u2022 Gaismas iztur\u012bgs<br \/>\n\u2022 No\u017e\u016bst 3-6 sekun\u017eu laik\u0101<br \/>\n\u2022 L\u012bniju platums 0,6 mm un 1,5 mm<\/p>\n","protected":false},"excerpt":{"rendered":"<p>\u2022 Divi koniski serde\u0146i \u2022 Neiz\u017e\u016bst, atst\u0101jot mar\u0137ieri bez v\u0101ci\u0146a neierobe\u017eotu laiku (ISO554) \u2022 Gaismas iztur\u012bgs \u2022 No\u017e\u016bst 3-6 sekun\u017eu laik\u0101 \u2022 L\u012bniju platums 0,6 mm un 1,5 mm<\/p>\n","protected":false},"featured_media":14290,"template":"","meta":{"inline_featured_image":false},"product_cat":[338],"product_tag":[],"class_list":{"0":"post-14289","1":"product","2":"type-product","3":"status-publish","4":"has-post-thumbnail","6":"product_cat-permanentie-markieri","8":"first","9":"instock","10":"purchasable","11":"product-type-simple","12":"add-to-wishlist-after_add_to_cart"},"_links":{"self":[{"href":"https:\/\/alkaline.lv\/en\/wp-json\/wp\/v2\/product\/14289"}],"collection":[{"href":"https:\/\/alkaline.lv\/en\/wp-json\/wp\/v2\/product"}],"about":[{"href":"https:\/\/alkaline.lv\/en\/wp-json\/wp\/v2\/types\/product"}],"wp:featuredmedia":[{"embeddable":true,"href":"https:\/\/alkaline.lv\/en\/wp-json\/wp\/v2\/media\/14290"}],"wp:attachment":[{"href":"https:\/\/alkaline.lv\/en\/wp-json\/wp\/v2\/media?parent=14289"}],"wp:term":[{"taxonomy":"product_cat","embeddable":true,"href":"https:\/\/alkaline.lv\/en\/wp-json\/wp\/v2\/product_cat?post=14289"},{"taxonomy":"product_tag","embeddable":true,"href":"https:\/\/alkaline.lv\/en\/wp-json\/wp\/v2\/product_tag?post=14289"}],"curies":[{"name":"wp","href":"https:\/\/api.w.org\/{rel}","templated":true}]}}