{"id":14312,"date":"2022-05-31T17:46:25","date_gmt":"2022-05-31T14:46:25","guid":{"rendered":"https:\/\/alkaline.lv\/products\/noturigais-markieris-forpus-divpusigs-cd-dvd-melns-0-6mm-1-0mm\/"},"modified":"2022-07-12T13:08:15","modified_gmt":"2022-07-12T10:08:15","slug":"noturigais-markieris-forpus-divpusigs-cd-dvd-melns-0-6mm-1-0mm","status":"publish","type":"product","link":"https:\/\/alkaline.lv\/en\/products\/noturigais-markieris-forpus-divpusigs-cd-dvd-melns-0-6mm-1-0mm\/","title":{"rendered":"Notur\u012bgais mar\u0137ieris FORPUS divpus\u012bgs CD\/DVD, melns (0.6mm\/1.0mm)"},"content":{"rendered":"<p>Divpus\u0113js Koniski serde\u0146i Rakst\u012b\u0161anai uz CD\/DVD diskiem, k\u0101 ar\u012b ir piem\u0113rots darbam uz cit\u0101m virsm\u0101m: met\u0101la, stikla, u.c. L\u012bnijas platums 0,6 mm un 1,0 mm<\/p>\n","protected":false},"excerpt":{"rendered":"<p>Divpus\u0113js Koniski serde\u0146i Rakst\u012b\u0161anai uz CD\/DVD diskiem, k\u0101 ar\u012b ir piem\u0113rots darbam uz cit\u0101m virsm\u0101m: met\u0101la, stikla, u.c. L\u012bnijas platums 0,6 mm un 1,0 mm<\/p>\n","protected":false},"featured_media":14313,"template":"","meta":{"inline_featured_image":false},"product_cat":[337],"product_tag":[],"class_list":{"0":"post-14312","1":"product","2":"type-product","3":"status-publish","4":"has-post-thumbnail","6":"product_cat-specialie-markieri","8":"first","9":"instock","10":"purchasable","11":"product-type-simple","12":"add-to-wishlist-after_add_to_cart"},"_links":{"self":[{"href":"https:\/\/alkaline.lv\/en\/wp-json\/wp\/v2\/product\/14312"}],"collection":[{"href":"https:\/\/alkaline.lv\/en\/wp-json\/wp\/v2\/product"}],"about":[{"href":"https:\/\/alkaline.lv\/en\/wp-json\/wp\/v2\/types\/product"}],"wp:featuredmedia":[{"embeddable":true,"href":"https:\/\/alkaline.lv\/en\/wp-json\/wp\/v2\/media\/14313"}],"wp:attachment":[{"href":"https:\/\/alkaline.lv\/en\/wp-json\/wp\/v2\/media?parent=14312"}],"wp:term":[{"taxonomy":"product_cat","embeddable":true,"href":"https:\/\/alkaline.lv\/en\/wp-json\/wp\/v2\/product_cat?post=14312"},{"taxonomy":"product_tag","embeddable":true,"href":"https:\/\/alkaline.lv\/en\/wp-json\/wp\/v2\/product_tag?post=14312"}],"curies":[{"name":"wp","href":"https:\/\/api.w.org\/{rel}","templated":true}]}}