{"id":14330,"date":"2022-05-31T17:46:41","date_gmt":"2022-05-31T14:46:41","guid":{"rendered":"https:\/\/alkaline.lv\/products\/noturigais-divpusigs-markieris-zebra-mckie-bold-1-0mm-konisks-4-6mm-slips-gals-melns\/"},"modified":"2022-07-12T13:08:09","modified_gmt":"2022-07-12T10:08:09","slug":"noturigais-divpusigs-markieris-zebra-mckie-bold-1-0mm-konisks-4-6mm-slips-gals-melns","status":"publish","type":"product","link":"https:\/\/alkaline.lv\/en\/products\/noturigais-divpusigs-markieris-zebra-mckie-bold-1-0mm-konisks-4-6mm-slips-gals-melns\/","title":{"rendered":"Notur\u012bgais divpus\u012bgs mar\u0137ieris ZEBRA MCKIE BOLD 1.0mm konisks\/4-6mm sl\u012bps gals melns"},"content":{"rendered":"<p>\u2022 Divpus\u0113js<br \/>\n\u2022 Serde\u0146i \u2013 sl\u012bps un konisks<br \/>\n\u2022 Tinte izgatavota uz e\u013c\u013cas b\u0101zes<br \/>\n\u2022 L\u012bnijas platumi: sl\u012bps serdenis 4-6 mm, konisks serdenis 1.0 mm<\/p>\n","protected":false},"excerpt":{"rendered":"<p>\u2022 Divpus\u0113js \u2022 Serde\u0146i \u2013 sl\u012bps un konisks \u2022 Tinte izgatavota uz e\u013c\u013cas b\u0101zes \u2022 L\u012bnijas platumi: sl\u012bps serdenis 4-6 mm, konisks serdenis 1.0 mm<\/p>\n","protected":false},"featured_media":14331,"template":"","meta":{"inline_featured_image":false},"product_cat":[338],"product_tag":[],"class_list":{"0":"post-14330","1":"product","2":"type-product","3":"status-publish","4":"has-post-thumbnail","6":"product_cat-permanentie-markieri","8":"first","9":"instock","10":"purchasable","11":"product-type-simple","12":"add-to-wishlist-after_add_to_cart"},"_links":{"self":[{"href":"https:\/\/alkaline.lv\/en\/wp-json\/wp\/v2\/product\/14330","targetHints":{"allow":["GET"]}}],"collection":[{"href":"https:\/\/alkaline.lv\/en\/wp-json\/wp\/v2\/product"}],"about":[{"href":"https:\/\/alkaline.lv\/en\/wp-json\/wp\/v2\/types\/product"}],"wp:featuredmedia":[{"embeddable":true,"href":"https:\/\/alkaline.lv\/en\/wp-json\/wp\/v2\/media\/14331"}],"wp:attachment":[{"href":"https:\/\/alkaline.lv\/en\/wp-json\/wp\/v2\/media?parent=14330"}],"wp:term":[{"taxonomy":"product_cat","embeddable":true,"href":"https:\/\/alkaline.lv\/en\/wp-json\/wp\/v2\/product_cat?post=14330"},{"taxonomy":"product_tag","embeddable":true,"href":"https:\/\/alkaline.lv\/en\/wp-json\/wp\/v2\/product_tag?post=14330"}],"curies":[{"name":"wp","href":"https:\/\/api.w.org\/{rel}","templated":true}]}}