{"id":14332,"date":"2022-05-31T17:46:41","date_gmt":"2022-05-31T14:46:41","guid":{"rendered":"https:\/\/alkaline.lv\/products\/noturigais-divpusigs-markieris-zebra-mckie-extra-bold-10mm-slips-17mm-slips-gals-melns\/"},"modified":"2022-07-12T13:08:33","modified_gmt":"2022-07-12T10:08:33","slug":"noturigais-divpusigs-markieris-zebra-mckie-extra-bold-10mm-slips-17mm-slips-gals-melns","status":"publish","type":"product","link":"https:\/\/alkaline.lv\/en\/products\/noturigais-divpusigs-markieris-zebra-mckie-extra-bold-10mm-slips-17mm-slips-gals-melns\/","title":{"rendered":"Notur\u012bgais divpus\u012bgs mar\u0137ieris ZEBRA MCKIE EXTRA BOLD 10mm sl\u012bps\/17mm sl\u012bps gals melns"},"content":{"rendered":"<p>\u2022 Divpus\u0113js<br \/>\n\u2022 Sl\u012bpi serde\u0146i<br \/>\n\u2022 Tinte izgatavota uz e\u013c\u013cas b\u0101zes<br \/>\n\u2022 L\u012bnijas platums 10-17 mm un 3-8 mm<\/p>\n","protected":false},"excerpt":{"rendered":"<p>\u2022 Divpus\u0113js \u2022 Sl\u012bpi serde\u0146i \u2022 Tinte izgatavota uz e\u013c\u013cas b\u0101zes \u2022 L\u012bnijas platums 10-17 mm un 3-8 mm<\/p>\n","protected":false},"featured_media":14333,"template":"","meta":{"inline_featured_image":false},"product_cat":[338],"product_tag":[],"class_list":{"0":"post-14332","1":"product","2":"type-product","3":"status-publish","4":"has-post-thumbnail","6":"product_cat-permanentie-markieri","8":"first","9":"instock","10":"purchasable","11":"product-type-simple","12":"add-to-wishlist-after_add_to_cart"},"_links":{"self":[{"href":"https:\/\/alkaline.lv\/en\/wp-json\/wp\/v2\/product\/14332"}],"collection":[{"href":"https:\/\/alkaline.lv\/en\/wp-json\/wp\/v2\/product"}],"about":[{"href":"https:\/\/alkaline.lv\/en\/wp-json\/wp\/v2\/types\/product"}],"wp:featuredmedia":[{"embeddable":true,"href":"https:\/\/alkaline.lv\/en\/wp-json\/wp\/v2\/media\/14333"}],"wp:attachment":[{"href":"https:\/\/alkaline.lv\/en\/wp-json\/wp\/v2\/media?parent=14332"}],"wp:term":[{"taxonomy":"product_cat","embeddable":true,"href":"https:\/\/alkaline.lv\/en\/wp-json\/wp\/v2\/product_cat?post=14332"},{"taxonomy":"product_tag","embeddable":true,"href":"https:\/\/alkaline.lv\/en\/wp-json\/wp\/v2\/product_tag?post=14332"}],"curies":[{"name":"wp","href":"https:\/\/api.w.org\/{rel}","templated":true}]}}