{"id":14361,"date":"2022-05-31T17:46:41","date_gmt":"2022-05-31T14:46:41","guid":{"rendered":"https:\/\/alkaline.lv\/products\/noturigais-markieris-zebra-paint-marker-3-mm-sudraba\/"},"modified":"2022-07-12T13:08:22","modified_gmt":"2022-07-12T10:08:22","slug":"noturigais-markieris-zebra-paint-marker-3-mm-sudraba","status":"publish","type":"product","link":"https:\/\/alkaline.lv\/en\/products\/noturigais-markieris-zebra-paint-marker-3-mm-sudraba\/","title":{"rendered":"Notur\u012bgais mar\u0137ieris ZEBRA PAINT MARKER, 3 mm,  sudraba"},"content":{"rendered":"<p>\u2022 Konisks serdenis<br \/>\n\u2022 Tinte izgatavota uz e\u013c\u013cas b\u0101zes<br \/>\n\u2022 Rakst\u012b\u0161anai uz da\u017e\u0101d\u0101m virsm\u0101m, ide\u0101ls rakst\u012b\u0161anai uz stikla, koka utt.<br \/>\n\u2022 L\u012bnijas platums 3.0 mm<\/p>\n","protected":false},"excerpt":{"rendered":"<p>\u2022 Konisks serdenis \u2022 Tinte izgatavota uz e\u013c\u013cas b\u0101zes \u2022 Rakst\u012b\u0161anai uz da\u017e\u0101d\u0101m virsm\u0101m, ide\u0101ls rakst\u012b\u0161anai uz stikla, koka utt. \u2022 L\u012bnijas platums 3.0 mm<\/p>\n","protected":false},"featured_media":14362,"template":"","meta":{"inline_featured_image":false},"product_cat":[338],"product_tag":[],"class_list":{"0":"post-14361","1":"product","2":"type-product","3":"status-publish","4":"has-post-thumbnail","6":"product_cat-permanentie-markieri","8":"first","9":"instock","10":"purchasable","11":"product-type-simple","12":"add-to-wishlist-after_add_to_cart"},"_links":{"self":[{"href":"https:\/\/alkaline.lv\/en\/wp-json\/wp\/v2\/product\/14361"}],"collection":[{"href":"https:\/\/alkaline.lv\/en\/wp-json\/wp\/v2\/product"}],"about":[{"href":"https:\/\/alkaline.lv\/en\/wp-json\/wp\/v2\/types\/product"}],"wp:featuredmedia":[{"embeddable":true,"href":"https:\/\/alkaline.lv\/en\/wp-json\/wp\/v2\/media\/14362"}],"wp:attachment":[{"href":"https:\/\/alkaline.lv\/en\/wp-json\/wp\/v2\/media?parent=14361"}],"wp:term":[{"taxonomy":"product_cat","embeddable":true,"href":"https:\/\/alkaline.lv\/en\/wp-json\/wp\/v2\/product_cat?post=14361"},{"taxonomy":"product_tag","embeddable":true,"href":"https:\/\/alkaline.lv\/en\/wp-json\/wp\/v2\/product_tag?post=14361"}],"curies":[{"name":"wp","href":"https:\/\/api.w.org\/{rel}","templated":true}]}}