{"id":14363,"date":"2022-05-31T17:46:41","date_gmt":"2022-05-31T14:46:41","guid":{"rendered":"https:\/\/alkaline.lv\/products\/noturigais-markieris-ico-cd-dvd-diskiem-04-mm-melns\/"},"modified":"2022-07-12T13:08:42","modified_gmt":"2022-07-12T10:08:42","slug":"noturigais-markieris-ico-cd-dvd-diskiem-04-mm-melns","status":"publish","type":"product","link":"https:\/\/alkaline.lv\/en\/products\/noturigais-markieris-ico-cd-dvd-diskiem-04-mm-melns\/","title":{"rendered":"Notur\u012bgais mar\u0137ieris ICO CD\/DVD diskiem 0,4 mm, melns"},"content":{"rendered":"<p>\u2022 Mar\u0137iera gals \u012bpa\u0161i piem\u0113rots CD \/ DVD diska virsmai<br \/>\n\u2022 Tinte izgatavota uz spirta<br \/>\nb\u0101zes<br \/>\n\u2022 L\u012bnijas platums 0.4 mm<br \/>\n\u2022 Serde\u0146a forma &#8211; koniosks<br \/>\n\u2022 Ra\u017eotaja preces kods IC9580068003<\/p>\n","protected":false},"excerpt":{"rendered":"<p>\u2022 Mar\u0137iera gals \u012bpa\u0161i piem\u0113rots CD \/ DVD diska virsmai \u2022 Tinte izgatavota uz spirta b\u0101zes \u2022 L\u012bnijas platums 0.4 mm \u2022 Serde\u0146a forma &#8211; koniosks \u2022 Ra\u017eotaja preces kods IC9580068003<\/p>\n","protected":false},"featured_media":14364,"template":"","meta":{"inline_featured_image":false},"product_cat":[337],"product_tag":[],"class_list":{"0":"post-14363","1":"product","2":"type-product","3":"status-publish","4":"has-post-thumbnail","6":"product_cat-specialie-markieri","8":"first","9":"instock","10":"purchasable","11":"product-type-simple","12":"add-to-wishlist-after_add_to_cart"},"_links":{"self":[{"href":"https:\/\/alkaline.lv\/en\/wp-json\/wp\/v2\/product\/14363"}],"collection":[{"href":"https:\/\/alkaline.lv\/en\/wp-json\/wp\/v2\/product"}],"about":[{"href":"https:\/\/alkaline.lv\/en\/wp-json\/wp\/v2\/types\/product"}],"wp:featuredmedia":[{"embeddable":true,"href":"https:\/\/alkaline.lv\/en\/wp-json\/wp\/v2\/media\/14364"}],"wp:attachment":[{"href":"https:\/\/alkaline.lv\/en\/wp-json\/wp\/v2\/media?parent=14363"}],"wp:term":[{"taxonomy":"product_cat","embeddable":true,"href":"https:\/\/alkaline.lv\/en\/wp-json\/wp\/v2\/product_cat?post=14363"},{"taxonomy":"product_tag","embeddable":true,"href":"https:\/\/alkaline.lv\/en\/wp-json\/wp\/v2\/product_tag?post=14363"}],"curies":[{"name":"wp","href":"https:\/\/api.w.org\/{rel}","templated":true}]}}