{"id":14386,"date":"2022-05-31T17:46:58","date_gmt":"2022-05-31T14:46:58","guid":{"rendered":"https:\/\/alkaline.lv\/products\/noturigais-markieris-schneider-kodoskopa-plevem-ohp-maxx-220s-0-4mm-4-krasas\/"},"modified":"2022-06-15T14:40:15","modified_gmt":"2022-06-15T11:40:15","slug":"noturigais-markieris-schneider-kodoskopa-plevem-ohp-maxx-220s-0-4mm-4-krasas","status":"publish","type":"product","link":"https:\/\/alkaline.lv\/en\/products\/noturigais-markieris-schneider-kodoskopa-plevem-ohp-maxx-220s-0-4mm-4-krasas\/","title":{"rendered":"Notur\u012bgais mar\u0137ieris SCHNEIDER kodoskopa pl\u0113v\u0113m OHP Maxx 220S, 0.4mm, 4 kr\u0101sas"},"content":{"rendered":"<p>\u2022 Konisks serdenis<br \/>\n\u2022 Notur\u012bgais mar\u0137ieris<br \/>\n\u2022 Piem\u0113rots rakst\u012b\u0161anai uz OHP pl\u0113v\u0113m un da\u017e\u0101d\u0101m glud\u0101m virsm\u0101m<br \/>\n\u2022 \u0100tri \u017e\u016bsto\u0161s<br \/>\n\u2022 Neiz\u017e\u016bst atst\u0101jot mar\u0137ieri bez v\u0101ci\u0146a vair\u0101kas dienas<br \/>\n\u2022 L\u012bnijas platums 0.4 mm<br \/>\n\u2022 4 kr\u0101su komplekts<\/p>\n","protected":false},"excerpt":{"rendered":"<p>\u2022 Konisks serdenis \u2022 Notur\u012bgais mar\u0137ieris \u2022 Piem\u0113rots rakst\u012b\u0161anai uz OHP pl\u0113v\u0113m un da\u017e\u0101d\u0101m glud\u0101m virsm\u0101m \u2022 \u0100tri \u017e\u016bsto\u0161s \u2022 Neiz\u017e\u016bst atst\u0101jot mar\u0137ieri bez v\u0101ci\u0146a vair\u0101kas dienas \u2022 L\u012bnijas platums 0.4 mm \u2022 4 kr\u0101su komplekts<\/p>\n","protected":false},"featured_media":14387,"template":"","meta":{"inline_featured_image":false},"product_cat":[337],"product_tag":[],"class_list":{"0":"post-14386","1":"product","2":"type-product","3":"status-publish","4":"has-post-thumbnail","6":"product_cat-specialie-markieri","8":"first","9":"outofstock","10":"purchasable","11":"product-type-simple","12":"add-to-wishlist-after_add_to_cart"},"_links":{"self":[{"href":"https:\/\/alkaline.lv\/en\/wp-json\/wp\/v2\/product\/14386"}],"collection":[{"href":"https:\/\/alkaline.lv\/en\/wp-json\/wp\/v2\/product"}],"about":[{"href":"https:\/\/alkaline.lv\/en\/wp-json\/wp\/v2\/types\/product"}],"wp:featuredmedia":[{"embeddable":true,"href":"https:\/\/alkaline.lv\/en\/wp-json\/wp\/v2\/media\/14387"}],"wp:attachment":[{"href":"https:\/\/alkaline.lv\/en\/wp-json\/wp\/v2\/media?parent=14386"}],"wp:term":[{"taxonomy":"product_cat","embeddable":true,"href":"https:\/\/alkaline.lv\/en\/wp-json\/wp\/v2\/product_cat?post=14386"},{"taxonomy":"product_tag","embeddable":true,"href":"https:\/\/alkaline.lv\/en\/wp-json\/wp\/v2\/product_tag?post=14386"}],"curies":[{"name":"wp","href":"https:\/\/api.w.org\/{rel}","templated":true}]}}