{"id":14461,"date":"2022-05-31T17:47:31","date_gmt":"2022-05-31T14:47:31","guid":{"rendered":"https:\/\/alkaline.lv\/products\/lineals-forpus-20cm-caurspidigs-2\/"},"modified":"2022-06-29T10:20:43","modified_gmt":"2022-06-29T07:20:43","slug":"lineals-forpus-20cm-caurspidigs-2","status":"publish","type":"product","link":"https:\/\/alkaline.lv\/en\/products\/lineals-forpus-20cm-caurspidigs-2\/","title":{"rendered":"Line\u0101ls Forpus 20cm, caursp\u012bd\u012bgs"},"content":{"rendered":"<p>\u2022 Izgatavots no caursp\u012bd\u012bgas plastmasas<\/p>\n","protected":false},"excerpt":{"rendered":"<p>\u2022 Izgatavots no caursp\u012bd\u012bgas plastmasas<\/p>\n","protected":false},"featured_media":14462,"template":"","meta":{"inline_featured_image":false},"product_cat":[573],"product_tag":[],"class_list":{"0":"post-14461","1":"product","2":"type-product","3":"status-publish","4":"has-post-thumbnail","6":"product_cat-lineali-2","8":"first","9":"outofstock","10":"purchasable","11":"product-type-simple","12":"add-to-wishlist-after_add_to_cart"},"_links":{"self":[{"href":"https:\/\/alkaline.lv\/en\/wp-json\/wp\/v2\/product\/14461"}],"collection":[{"href":"https:\/\/alkaline.lv\/en\/wp-json\/wp\/v2\/product"}],"about":[{"href":"https:\/\/alkaline.lv\/en\/wp-json\/wp\/v2\/types\/product"}],"wp:featuredmedia":[{"embeddable":true,"href":"https:\/\/alkaline.lv\/en\/wp-json\/wp\/v2\/media\/14462"}],"wp:attachment":[{"href":"https:\/\/alkaline.lv\/en\/wp-json\/wp\/v2\/media?parent=14461"}],"wp:term":[{"taxonomy":"product_cat","embeddable":true,"href":"https:\/\/alkaline.lv\/en\/wp-json\/wp\/v2\/product_cat?post=14461"},{"taxonomy":"product_tag","embeddable":true,"href":"https:\/\/alkaline.lv\/en\/wp-json\/wp\/v2\/product_tag?post=14461"}],"curies":[{"name":"wp","href":"https:\/\/api.w.org\/{rel}","templated":true}]}}