{"id":14544,"date":"2022-05-31T17:47:50","date_gmt":"2022-05-31T14:47:50","guid":{"rendered":"https:\/\/alkaline.lv\/products\/skeres-wedo-13-5-cm\/"},"modified":"2022-06-14T18:17:07","modified_gmt":"2022-06-14T15:17:07","slug":"skeres-wedo-13-5-cm","status":"publish","type":"product","link":"https:\/\/alkaline.lv\/en\/products\/skeres-wedo-13-5-cm\/","title":{"rendered":"\u0160\u0137\u0113res WEDO 13.5 cm"},"content":{"rendered":"<p>\u2022 Izgatavotas no ner\u016bs\u0113jo\u0161\u0101 t\u0113rauda<br \/>\n\u2022Kr\u0101saini rokturi ar vietu v\u0101rda uzrakst\u012b\u0161ana<br \/>\n\u2022Asme\u0146a garums 13,5 cm<br \/>\n\u2022 apa\u013cas<\/p>\n","protected":false},"excerpt":{"rendered":"<p>\u2022 Izgatavotas no ner\u016bs\u0113jo\u0161\u0101 t\u0113rauda \u2022Kr\u0101saini rokturi ar vietu v\u0101rda uzrakst\u012b\u0161ana \u2022Asme\u0146a garums 13,5 cm \u2022 apa\u013cas<\/p>\n","protected":false},"featured_media":14545,"template":"","meta":{"inline_featured_image":false},"product_cat":[307],"product_tag":[],"class_list":{"0":"post-14544","1":"product","2":"type-product","3":"status-publish","4":"has-post-thumbnail","6":"product_cat-skeres","8":"first","9":"outofstock","10":"purchasable","11":"product-type-simple","12":"add-to-wishlist-after_add_to_cart"},"_links":{"self":[{"href":"https:\/\/alkaline.lv\/en\/wp-json\/wp\/v2\/product\/14544"}],"collection":[{"href":"https:\/\/alkaline.lv\/en\/wp-json\/wp\/v2\/product"}],"about":[{"href":"https:\/\/alkaline.lv\/en\/wp-json\/wp\/v2\/types\/product"}],"wp:featuredmedia":[{"embeddable":true,"href":"https:\/\/alkaline.lv\/en\/wp-json\/wp\/v2\/media\/14545"}],"wp:attachment":[{"href":"https:\/\/alkaline.lv\/en\/wp-json\/wp\/v2\/media?parent=14544"}],"wp:term":[{"taxonomy":"product_cat","embeddable":true,"href":"https:\/\/alkaline.lv\/en\/wp-json\/wp\/v2\/product_cat?post=14544"},{"taxonomy":"product_tag","embeddable":true,"href":"https:\/\/alkaline.lv\/en\/wp-json\/wp\/v2\/product_tag?post=14544"}],"curies":[{"name":"wp","href":"https:\/\/api.w.org\/{rel}","templated":true}]}}