{"id":14564,"date":"2022-05-31T17:48:07","date_gmt":"2022-05-31T14:48:07","guid":{"rendered":"https:\/\/alkaline.lv\/products\/skeres-wedo-21cm-sarkani-rokturi-gumijoti\/"},"modified":"2026-04-01T20:44:55","modified_gmt":"2026-04-01T17:44:55","slug":"skeres-wedo-21cm-sarkani-rokturi-gumijoti","status":"publish","type":"product","link":"https:\/\/alkaline.lv\/en\/products\/skeres-wedo-21cm-sarkani-rokturi-gumijoti\/","title":{"rendered":"\u0160\u0137\u0113res WEDO 21cm, sarkani rokturi (gumijoti)"},"content":{"rendered":"<p>\u2022 Lieto\u0161anai biroj\u0101 un m\u0101j\u0101s<br \/>\n\u2022 Izgatavotas no ner\u016bs\u0113jo\u0161\u0101 t\u0113rauda<br \/>\n\u2022 Ergonomiski plastmasas gumijoti rokturi meln\u0101\/sarkan\u0101 kr\u0101s\u0101<br \/>\n\u2022 Asme\u0146a garums 21 cm<\/p>\n","protected":false},"excerpt":{"rendered":"<p>\u2022 Lieto\u0161anai biroj\u0101 un m\u0101j\u0101s \u2022 Izgatavotas no ner\u016bs\u0113jo\u0161\u0101 t\u0113rauda \u2022 Ergonomiski plastmasas gumijoti rokturi meln\u0101\/sarkan\u0101 kr\u0101s\u0101 \u2022 Asme\u0146a garums 21 cm<\/p>\n","protected":false},"featured_media":14565,"template":"","meta":{"inline_featured_image":false},"product_cat":[307],"product_tag":[],"class_list":{"0":"post-14564","1":"product","2":"type-product","3":"status-publish","4":"has-post-thumbnail","6":"product_cat-skeres","8":"first","9":"instock","10":"purchasable","11":"product-type-simple","12":"add-to-wishlist-after_add_to_cart"},"_links":{"self":[{"href":"https:\/\/alkaline.lv\/en\/wp-json\/wp\/v2\/product\/14564"}],"collection":[{"href":"https:\/\/alkaline.lv\/en\/wp-json\/wp\/v2\/product"}],"about":[{"href":"https:\/\/alkaline.lv\/en\/wp-json\/wp\/v2\/types\/product"}],"wp:featuredmedia":[{"embeddable":true,"href":"https:\/\/alkaline.lv\/en\/wp-json\/wp\/v2\/media\/14565"}],"wp:attachment":[{"href":"https:\/\/alkaline.lv\/en\/wp-json\/wp\/v2\/media?parent=14564"}],"wp:term":[{"taxonomy":"product_cat","embeddable":true,"href":"https:\/\/alkaline.lv\/en\/wp-json\/wp\/v2\/product_cat?post=14564"},{"taxonomy":"product_tag","embeddable":true,"href":"https:\/\/alkaline.lv\/en\/wp-json\/wp\/v2\/product_tag?post=14564"}],"curies":[{"name":"wp","href":"https:\/\/api.w.org\/{rel}","templated":true}]}}