{"id":14610,"date":"2022-05-31T17:48:24","date_gmt":"2022-05-31T14:48:24","guid":{"rendered":"https:\/\/alkaline.lv\/products\/notaru-uzlimes-ar-diametru-50mm-apalas-baltas-200-uzlimes-rulli-2\/"},"modified":"2022-06-29T10:23:38","modified_gmt":"2022-06-29T07:23:38","slug":"notaru-uzlimes-ar-diametru-50mm-apalas-baltas-200-uzlimes-rulli-2","status":"publish","type":"product","link":"https:\/\/alkaline.lv\/en\/products\/notaru-uzlimes-ar-diametru-50mm-apalas-baltas-200-uzlimes-rulli-2\/","title":{"rendered":"Not\u0101ru uzl\u012bmes ar diametru 50mm, apa\u013cas, baltas, 200 uzl\u012bmes\/rull\u012b"},"content":{"rendered":"<p>\u2022 Apa\u013cas not\u0101ru uzl\u012bmes l\u012bgumiem un citiem dokumentiem <br \/>\u2022 Uzl\u012bmes diameters 50 mm <br \/>\u2022 Rull\u012b \u2013 200 uzl\u012bmes <br \/>\u2022 Balt\u0101 kr\u0101s\u0101 <br \/>\u2022 Ra\u017eotaja kods IF-00025OR<\/p>\n","protected":false},"excerpt":{"rendered":"<p>\u2022 Apa\u013cas not\u0101ru uzl\u012bmes l\u012bgumiem un citiem dokumentiem \u2022 Uzl\u012bmes diameters 50 mm \u2022 Rull\u012b \u2013 200 uzl\u012bmes \u2022 Balt\u0101 kr\u0101s\u0101 \u2022 Ra\u017eotaja kods IF-00025OR<\/p>\n","protected":false},"featured_media":14611,"template":"","meta":{"inline_featured_image":false},"product_cat":[71,315],"product_tag":[],"class_list":{"0":"post-14610","1":"product","2":"type-product","3":"status-publish","4":"has-post-thumbnail","6":"product_cat-biroja-preces","7":"product_cat-piederumi-notariem","9":"first","10":"outofstock","11":"purchasable","12":"product-type-simple","13":"add-to-wishlist-after_add_to_cart"},"_links":{"self":[{"href":"https:\/\/alkaline.lv\/en\/wp-json\/wp\/v2\/product\/14610"}],"collection":[{"href":"https:\/\/alkaline.lv\/en\/wp-json\/wp\/v2\/product"}],"about":[{"href":"https:\/\/alkaline.lv\/en\/wp-json\/wp\/v2\/types\/product"}],"wp:featuredmedia":[{"embeddable":true,"href":"https:\/\/alkaline.lv\/en\/wp-json\/wp\/v2\/media\/14611"}],"wp:attachment":[{"href":"https:\/\/alkaline.lv\/en\/wp-json\/wp\/v2\/media?parent=14610"}],"wp:term":[{"taxonomy":"product_cat","embeddable":true,"href":"https:\/\/alkaline.lv\/en\/wp-json\/wp\/v2\/product_cat?post=14610"},{"taxonomy":"product_tag","embeddable":true,"href":"https:\/\/alkaline.lv\/en\/wp-json\/wp\/v2\/product_tag?post=14610"}],"curies":[{"name":"wp","href":"https:\/\/api.w.org\/{rel}","templated":true}]}}