{"id":14683,"date":"2022-05-31T17:48:59","date_gmt":"2022-05-31T14:48:59","guid":{"rendered":"https:\/\/alkaline.lv\/products\/dokumentu-bokss-esselte-europost-vivida\/"},"modified":"2023-08-28T10:56:41","modified_gmt":"2023-08-28T07:56:41","slug":"dokumentu-bokss-esselte-europost-vivida","status":"publish","type":"product","link":"https:\/\/alkaline.lv\/en\/products\/dokumentu-bokss-esselte-europost-vivida\/","title":{"rendered":"Dokumentu bokss ESSELTE EUROPOST VIVIDA"},"content":{"rendered":"<p>\u2022 Moders dizains \u0113rtai dokumentu glab\u0101\u0161anai<br \/>\n\u2022 Starptautiskais standarts, pieska\u0146ots<br \/>\nA4 form\u0101tam<br \/>\n\u2022 Izm\u0113ri: 72 x 256 x 260 mm<br \/>\n\u2022 Iepakojum\u0101 &#8211; 10 gab.<\/p>\n","protected":false},"excerpt":{"rendered":"<p>\u2022 Moders dizains \u0113rtai dokumentu glab\u0101\u0161anai \u2022 Starptautiskais standarts, pieska\u0146ots A4 form\u0101tam \u2022 Izm\u0113ri: 72 x 256 x 260 mm \u2022 Iepakojum\u0101 &#8211; 10 gab.<\/p>\n","protected":false},"featured_media":14684,"template":"","meta":{"inline_featured_image":false},"product_cat":[297],"product_tag":[],"class_list":{"0":"post-14683","1":"product","2":"type-product","3":"status-publish","4":"has-post-thumbnail","6":"product_cat-dokumentu-stativi","8":"first","9":"instock","10":"purchasable","11":"product-type-simple","12":"add-to-wishlist-after_add_to_cart"},"_links":{"self":[{"href":"https:\/\/alkaline.lv\/en\/wp-json\/wp\/v2\/product\/14683","targetHints":{"allow":["GET"]}}],"collection":[{"href":"https:\/\/alkaline.lv\/en\/wp-json\/wp\/v2\/product"}],"about":[{"href":"https:\/\/alkaline.lv\/en\/wp-json\/wp\/v2\/types\/product"}],"wp:featuredmedia":[{"embeddable":true,"href":"https:\/\/alkaline.lv\/en\/wp-json\/wp\/v2\/media\/14684"}],"wp:attachment":[{"href":"https:\/\/alkaline.lv\/en\/wp-json\/wp\/v2\/media?parent=14683"}],"wp:term":[{"taxonomy":"product_cat","embeddable":true,"href":"https:\/\/alkaline.lv\/en\/wp-json\/wp\/v2\/product_cat?post=14683"},{"taxonomy":"product_tag","embeddable":true,"href":"https:\/\/alkaline.lv\/en\/wp-json\/wp\/v2\/product_tag?post=14683"}],"curies":[{"name":"wp","href":"https:\/\/api.w.org\/{rel}","templated":true}]}}