{"id":14745,"date":"2022-05-31T17:49:16","date_gmt":"2022-05-31T14:49:16","guid":{"rendered":"https:\/\/alkaline.lv\/products\/atslegu-kaste-durable-36-atslegam-sudraba-krasa-2\/"},"modified":"2022-06-29T10:22:10","modified_gmt":"2022-06-29T07:22:10","slug":"atslegu-kaste-durable-36-atslegam-sudraba-krasa-2","status":"publish","type":"product","link":"https:\/\/alkaline.lv\/en\/products\/atslegu-kaste-durable-36-atslegam-sudraba-krasa-2\/","title":{"rendered":"Atsl\u0113gu kaste DURABLE 36 atsl\u0113g\u0101m, sudraba kr\u0101s\u0101"},"content":{"rendered":"<p>\u2022 Izgatavota no alum\u012bnija <br \/>\u2022 Komplekt\u0101 6 piekari\u0146i <br \/>\u2022 Ar sl\u0113dzeni <br \/>\u2022 Sudraba kr\u0101s\u0101 <br \/>\u2022 Piestiprin\u0101ma pie sienas 36 atsl\u0113g\u0101m <br \/>\u2022 Izm\u0113rs: 302 x 280 x 118 mm<\/p>\n","protected":false},"excerpt":{"rendered":"<p>\u2022 Izgatavota no alum\u012bnija \u2022 Komplekt\u0101 6 piekari\u0146i \u2022 Ar sl\u0113dzeni \u2022 Sudraba kr\u0101s\u0101 \u2022 Piestiprin\u0101ma pie sienas 36 atsl\u0113g\u0101m \u2022 Izm\u0113rs: 302 x 280 x 118 mm<\/p>\n","protected":false},"featured_media":14746,"template":"","meta":{"inline_featured_image":false},"product_cat":[71,296],"product_tag":[],"class_list":{"0":"post-14745","1":"product","2":"type-product","3":"status-publish","4":"has-post-thumbnail","6":"product_cat-biroja-preces","7":"product_cat-dokumentu-plaukti","9":"first","10":"outofstock","11":"purchasable","12":"product-type-simple","13":"add-to-wishlist-after_add_to_cart"},"_links":{"self":[{"href":"https:\/\/alkaline.lv\/en\/wp-json\/wp\/v2\/product\/14745"}],"collection":[{"href":"https:\/\/alkaline.lv\/en\/wp-json\/wp\/v2\/product"}],"about":[{"href":"https:\/\/alkaline.lv\/en\/wp-json\/wp\/v2\/types\/product"}],"wp:featuredmedia":[{"embeddable":true,"href":"https:\/\/alkaline.lv\/en\/wp-json\/wp\/v2\/media\/14746"}],"wp:attachment":[{"href":"https:\/\/alkaline.lv\/en\/wp-json\/wp\/v2\/media?parent=14745"}],"wp:term":[{"taxonomy":"product_cat","embeddable":true,"href":"https:\/\/alkaline.lv\/en\/wp-json\/wp\/v2\/product_cat?post=14745"},{"taxonomy":"product_tag","embeddable":true,"href":"https:\/\/alkaline.lv\/en\/wp-json\/wp\/v2\/product_tag?post=14745"}],"curies":[{"name":"wp","href":"https:\/\/api.w.org\/{rel}","templated":true}]}}