{"id":14814,"date":"2022-05-31T17:49:47","date_gmt":"2022-05-31T14:49:47","guid":{"rendered":"https:\/\/alkaline.lv\/products\/flomasteri-carioca-jumbo-12-krasas\/"},"modified":"2025-12-12T08:50:21","modified_gmt":"2025-12-12T06:50:21","slug":"flomasteri-carioca-jumbo-12-krasas","status":"publish","type":"product","link":"https:\/\/alkaline.lv\/en\/products\/flomasteri-carioca-jumbo-12-krasas\/","title":{"rendered":"Flomasteri CARIOCA JUMBO 12 kr\u0101sas"},"content":{"rendered":"<p>\u2022 Serde\u0146a platums \u2013 4 mm<br \/>\n\u2022 Raksta garums \u2013 1000 m<br \/>\n\u2022 Trecieniztur\u012bgs flomastera gals<br \/>\n\u2022 Tinte uz \u016bdens b\u0101zes, viegli izmazg\u0101jama<br \/>\n\u2022 12 kr\u0101su komplekts<\/p>\n","protected":false},"excerpt":{"rendered":"<p>\u2022 Serde\u0146a platums \u2013 4 mm \u2022 Raksta garums \u2013 1000 m \u2022 Trecieniztur\u012bgs flomastera gals \u2022 Tinte uz \u016bdens b\u0101zes, viegli izmazg\u0101jama \u2022 12 kr\u0101su komplekts<\/p>\n","protected":false},"featured_media":14815,"template":"","meta":{"inline_featured_image":false},"product_cat":[335],"product_tag":[],"class_list":{"0":"post-14814","1":"product","2":"type-product","3":"status-publish","4":"has-post-thumbnail","6":"product_cat-flomasteri","8":"first","9":"instock","10":"taxable","11":"shipping-taxable","12":"purchasable","13":"product-type-simple","14":"add-to-wishlist-after_add_to_cart"},"_links":{"self":[{"href":"https:\/\/alkaline.lv\/en\/wp-json\/wp\/v2\/product\/14814"}],"collection":[{"href":"https:\/\/alkaline.lv\/en\/wp-json\/wp\/v2\/product"}],"about":[{"href":"https:\/\/alkaline.lv\/en\/wp-json\/wp\/v2\/types\/product"}],"wp:featuredmedia":[{"embeddable":true,"href":"https:\/\/alkaline.lv\/en\/wp-json\/wp\/v2\/media\/14815"}],"wp:attachment":[{"href":"https:\/\/alkaline.lv\/en\/wp-json\/wp\/v2\/media?parent=14814"}],"wp:term":[{"taxonomy":"product_cat","embeddable":true,"href":"https:\/\/alkaline.lv\/en\/wp-json\/wp\/v2\/product_cat?post=14814"},{"taxonomy":"product_tag","embeddable":true,"href":"https:\/\/alkaline.lv\/en\/wp-json\/wp\/v2\/product_tag?post=14814"}],"curies":[{"name":"wp","href":"https:\/\/api.w.org\/{rel}","templated":true}]}}