{"id":14860,"date":"2022-05-31T17:50:08","date_gmt":"2022-05-31T14:50:08","guid":{"rendered":"https:\/\/alkaline.lv\/products\/nazis-kancelejas-forpus-9mm\/"},"modified":"2025-08-31T23:40:59","modified_gmt":"2025-08-31T20:40:59","slug":"nazis-kancelejas-forpus-9mm","status":"publish","type":"product","link":"https:\/\/alkaline.lv\/en\/products\/nazis-kancelejas-forpus-9mm\/","title":{"rendered":"Nazis kancelejas FORPUS  9mm"},"content":{"rendered":"<p>nazis izmantojams biroj\u0101, asin\u0101\u0161ana nav nepiecie\u0161ama ergonomisks dizains, plastmasas korpuss ar dro\u0161u met\u0101la sliedi<\/p>\n","protected":false},"excerpt":{"rendered":"<p>nazis izmantojams biroj\u0101, asin\u0101\u0161ana nav nepiecie\u0161ama ergonomisks dizains, plastmasas korpuss ar dro\u0161u met\u0101la sliedi<\/p>\n","protected":false},"featured_media":14861,"template":"","meta":{"inline_featured_image":false},"product_cat":[590],"product_tag":[],"class_list":{"0":"post-14860","1":"product","2":"type-product","3":"status-publish","4":"has-post-thumbnail","6":"product_cat-aploksnu-un-kancelejas-nazi","8":"first","9":"instock","10":"taxable","11":"shipping-taxable","12":"purchasable","13":"product-type-simple","14":"add-to-wishlist-after_add_to_cart"},"_links":{"self":[{"href":"https:\/\/alkaline.lv\/en\/wp-json\/wp\/v2\/product\/14860"}],"collection":[{"href":"https:\/\/alkaline.lv\/en\/wp-json\/wp\/v2\/product"}],"about":[{"href":"https:\/\/alkaline.lv\/en\/wp-json\/wp\/v2\/types\/product"}],"wp:featuredmedia":[{"embeddable":true,"href":"https:\/\/alkaline.lv\/en\/wp-json\/wp\/v2\/media\/14861"}],"wp:attachment":[{"href":"https:\/\/alkaline.lv\/en\/wp-json\/wp\/v2\/media?parent=14860"}],"wp:term":[{"taxonomy":"product_cat","embeddable":true,"href":"https:\/\/alkaline.lv\/en\/wp-json\/wp\/v2\/product_cat?post=14860"},{"taxonomy":"product_tag","embeddable":true,"href":"https:\/\/alkaline.lv\/en\/wp-json\/wp\/v2\/product_tag?post=14860"}],"curies":[{"name":"wp","href":"https:\/\/api.w.org\/{rel}","templated":true}]}}