{"id":14955,"date":"2022-05-31T17:50:40","date_gmt":"2022-05-31T14:50:40","guid":{"rendered":"https:\/\/alkaline.lv\/products\/naudas-kaste-wedo-ar-izmeru-300x240x90-mm-2\/"},"modified":"2022-06-29T10:22:06","modified_gmt":"2022-06-29T07:22:06","slug":"naudas-kaste-wedo-ar-izmeru-300x240x90-mm-2","status":"publish","type":"product","link":"https:\/\/alkaline.lv\/en\/products\/naudas-kaste-wedo-ar-izmeru-300x240x90-mm-2\/","title":{"rendered":"Naudas kaste WEDO ar izm\u0113ru 300x240x90 mm"},"content":{"rendered":"<p>\u2022Naudas kaste paredz\u0113ta gan monetu, gan banknotu glab\u0101\u0161ana <br \/>\u2022ar rokturi, ar dro\u0161o sl\u0113dzeni (komplekt\u0101 2 atsl\u0113gas) <br \/>\u20223 nodal\u012bjumi banknot\u0113m <br \/>\u2022izm\u0113rs: 30x24x9cm, svars 2.02kg<\/p>\n","protected":false},"excerpt":{"rendered":"<p>\u2022Naudas kaste paredz\u0113ta gan monetu, gan banknotu glab\u0101\u0161ana \u2022ar rokturi, ar dro\u0161o sl\u0113dzeni (komplekt\u0101 2 atsl\u0113gas) \u20223 nodal\u012bjumi banknot\u0113m \u2022izm\u0113rs: 30x24x9cm, svars 2.02kg<\/p>\n","protected":false},"featured_media":14956,"template":"","meta":{"inline_featured_image":false},"product_cat":[71,296],"product_tag":[],"class_list":{"0":"post-14955","1":"product","2":"type-product","3":"status-publish","4":"has-post-thumbnail","6":"product_cat-biroja-preces","7":"product_cat-dokumentu-plaukti","9":"first","10":"outofstock","11":"purchasable","12":"product-type-simple","13":"add-to-wishlist-after_add_to_cart"},"_links":{"self":[{"href":"https:\/\/alkaline.lv\/en\/wp-json\/wp\/v2\/product\/14955"}],"collection":[{"href":"https:\/\/alkaline.lv\/en\/wp-json\/wp\/v2\/product"}],"about":[{"href":"https:\/\/alkaline.lv\/en\/wp-json\/wp\/v2\/types\/product"}],"wp:featuredmedia":[{"embeddable":true,"href":"https:\/\/alkaline.lv\/en\/wp-json\/wp\/v2\/media\/14956"}],"wp:attachment":[{"href":"https:\/\/alkaline.lv\/en\/wp-json\/wp\/v2\/media?parent=14955"}],"wp:term":[{"taxonomy":"product_cat","embeddable":true,"href":"https:\/\/alkaline.lv\/en\/wp-json\/wp\/v2\/product_cat?post=14955"},{"taxonomy":"product_tag","embeddable":true,"href":"https:\/\/alkaline.lv\/en\/wp-json\/wp\/v2\/product_tag?post=14955"}],"curies":[{"name":"wp","href":"https:\/\/api.w.org\/{rel}","templated":true}]}}