{"id":15068,"date":"2022-05-31T17:51:33","date_gmt":"2022-05-31T14:51:33","guid":{"rendered":"https:\/\/alkaline.lv\/products\/noturigais-markieris-schneider-paint-marker-maxx-270-1-3mm-konisks-balts\/"},"modified":"2022-07-12T13:07:41","modified_gmt":"2022-07-12T10:07:41","slug":"noturigais-markieris-schneider-paint-marker-maxx-270-1-3mm-konisks-balts","status":"publish","type":"product","link":"https:\/\/alkaline.lv\/en\/products\/noturigais-markieris-schneider-paint-marker-maxx-270-1-3mm-konisks-balts\/","title":{"rendered":"Notur\u012bgais mar\u0137ieris Schneider PAINT MARKER Maxx 270, 1-3mm, konisks, balts"},"content":{"rendered":"<p>\u2022 Konisks serdenis<br \/>\n\u2022 Piem\u0113rots darbam uz da\u017e\u0101d\u0101m virsm\u0101m: pap\u012bra, plastmasas,<br \/>\nstikla, met\u0101la, \u0101das, gumijas u.c.<br \/>\n\u2022 L\u012bnijas platums 1-3 mm<br \/>\n\u2022 Gaismas un<br \/>\n\u016bdens nodilumiztur\u012bgs<br \/>\n\u2022 Karstumiztur\u012bba l\u012bdz 300 C<br \/>\n\u2022 Iztur\u012bgs pret kodin\u0101\u0161anu<br \/>\nun mazg\u0101\u0161anu<\/p>\n","protected":false},"excerpt":{"rendered":"<p>\u2022 Konisks serdenis \u2022 Piem\u0113rots darbam uz da\u017e\u0101d\u0101m virsm\u0101m: pap\u012bra, plastmasas, stikla, met\u0101la, \u0101das, gumijas u.c. \u2022 L\u012bnijas platums 1-3 mm \u2022 Gaismas un \u016bdens nodilumiztur\u012bgs \u2022 Karstumiztur\u012bba l\u012bdz 300 C \u2022 Iztur\u012bgs pret kodin\u0101\u0161anu un mazg\u0101\u0161anu<\/p>\n","protected":false},"featured_media":15069,"template":"","meta":{"inline_featured_image":false},"product_cat":[338],"product_tag":[],"class_list":{"0":"post-15068","1":"product","2":"type-product","3":"status-publish","4":"has-post-thumbnail","6":"product_cat-permanentie-markieri","8":"first","9":"instock","10":"purchasable","11":"product-type-simple","12":"add-to-wishlist-after_add_to_cart"},"_links":{"self":[{"href":"https:\/\/alkaline.lv\/en\/wp-json\/wp\/v2\/product\/15068"}],"collection":[{"href":"https:\/\/alkaline.lv\/en\/wp-json\/wp\/v2\/product"}],"about":[{"href":"https:\/\/alkaline.lv\/en\/wp-json\/wp\/v2\/types\/product"}],"wp:featuredmedia":[{"embeddable":true,"href":"https:\/\/alkaline.lv\/en\/wp-json\/wp\/v2\/media\/15069"}],"wp:attachment":[{"href":"https:\/\/alkaline.lv\/en\/wp-json\/wp\/v2\/media?parent=15068"}],"wp:term":[{"taxonomy":"product_cat","embeddable":true,"href":"https:\/\/alkaline.lv\/en\/wp-json\/wp\/v2\/product_cat?post=15068"},{"taxonomy":"product_tag","embeddable":true,"href":"https:\/\/alkaline.lv\/en\/wp-json\/wp\/v2\/product_tag?post=15068"}],"curies":[{"name":"wp","href":"https:\/\/api.w.org\/{rel}","templated":true}]}}