{"id":15093,"date":"2022-05-31T17:51:33","date_gmt":"2022-05-31T14:51:33","guid":{"rendered":"https:\/\/alkaline.lv\/products\/lodisu-pildspalva-schneider-slider-rave-1-4mm-zila-tinte\/"},"modified":"2022-07-12T13:07:17","modified_gmt":"2022-07-12T10:07:17","slug":"lodisu-pildspalva-schneider-slider-rave-1-4mm-zila-tinte","status":"publish","type":"product","link":"https:\/\/alkaline.lv\/en\/products\/lodisu-pildspalva-schneider-slider-rave-1-4mm-zila-tinte\/","title":{"rendered":"Lod\u012b\u0161u pildspalva Schneider SLIDER RAVE 1.4mm zila tinte"},"content":{"rendered":"<p>\u2022 Lod\u012b\u0161u<br \/>\n\u2022 Autom\u0101tiska<br \/>\n\u2022 Gumijota, ergonomiska satv\u0113riena zona \u013cauj ilgsto\u0161i rakst\u012bt nenogurdinot roku<br \/>\n\u2022 Met\u0101la klipsis un gals<br \/>\n\u2022 Main\u0101ms serdenis SLIDER 755<br \/>\n\u2022 Lod\u012btes diametrs 1.4 mm<br \/>\n\u2022 \u016adensiztur\u012bga tinte atbilsto\u0161a ISO 12757-2 standartam<br \/>\n\u2022 Iepakojum\u0101 5 gab.<\/p>\n","protected":false},"excerpt":{"rendered":"<p>\u2022 Lod\u012b\u0161u \u2022 Autom\u0101tiska \u2022 Gumijota, ergonomiska satv\u0113riena zona \u013cauj ilgsto\u0161i rakst\u012bt nenogurdinot roku \u2022 Met\u0101la klipsis un gals \u2022 Main\u0101ms serdenis SLIDER 755 \u2022 Lod\u012btes diametrs 1.4 mm \u2022 \u016adensiztur\u012bga tinte atbilsto\u0161a ISO 12757-2 standartam \u2022 Iepakojum\u0101 5 gab.<\/p>\n","protected":false},"featured_media":15094,"template":"","meta":{"inline_featured_image":false},"product_cat":[541],"product_tag":[],"class_list":{"0":"post-15093","1":"product","2":"type-product","3":"status-publish","4":"has-post-thumbnail","6":"product_cat-lodisu-pildspalvas-2","8":"first","9":"instock","10":"purchasable","11":"product-type-simple","12":"add-to-wishlist-after_add_to_cart"},"_links":{"self":[{"href":"https:\/\/alkaline.lv\/en\/wp-json\/wp\/v2\/product\/15093"}],"collection":[{"href":"https:\/\/alkaline.lv\/en\/wp-json\/wp\/v2\/product"}],"about":[{"href":"https:\/\/alkaline.lv\/en\/wp-json\/wp\/v2\/types\/product"}],"wp:featuredmedia":[{"embeddable":true,"href":"https:\/\/alkaline.lv\/en\/wp-json\/wp\/v2\/media\/15094"}],"wp:attachment":[{"href":"https:\/\/alkaline.lv\/en\/wp-json\/wp\/v2\/media?parent=15093"}],"wp:term":[{"taxonomy":"product_cat","embeddable":true,"href":"https:\/\/alkaline.lv\/en\/wp-json\/wp\/v2\/product_cat?post=15093"},{"taxonomy":"product_tag","embeddable":true,"href":"https:\/\/alkaline.lv\/en\/wp-json\/wp\/v2\/product_tag?post=15093"}],"curies":[{"name":"wp","href":"https:\/\/api.w.org\/{rel}","templated":true}]}}