{"id":15127,"date":"2022-05-31T17:51:55","date_gmt":"2022-05-31T14:51:55","guid":{"rendered":"https:\/\/alkaline.lv\/products\/pildspalva-rolleris-dzesama-pilot-frixion-point-0-5mm-sarkana-tinte\/"},"modified":"2022-07-12T13:06:18","modified_gmt":"2022-07-12T10:06:18","slug":"pildspalva-rolleris-dzesama-pilot-frixion-point-0-5mm-sarkana-tinte","status":"publish","type":"product","link":"https:\/\/alkaline.lv\/en\/products\/pildspalva-rolleris-dzesama-pilot-frixion-point-0-5mm-sarkana-tinte\/","title":{"rendered":"Pildspalva rolleris dz\u0113\u0161ama PILOT FRIXION Point 0.5mm sarkana tinte"},"content":{"rendered":"<p>\u2022rolleris<br \/>\n\u2022novatoriska dz\u0113\u0161ama pildspalva: raksti, dz\u0113s, atk\u0101rto cik bie\u017ei vien v\u0113lies<br \/>\n\u2022ergonomiska gumijota satv\u0113riena zona<br \/>\n\u2022adatveida gals<br \/>\n\u2022lod\u012btes diameters 0.5mm<\/p>\n","protected":false},"excerpt":{"rendered":"<p>\u2022rolleris \u2022novatoriska dz\u0113\u0161ama pildspalva: raksti, dz\u0113s, atk\u0101rto cik bie\u017ei vien v\u0113lies \u2022ergonomiska gumijota satv\u0113riena zona \u2022adatveida gals \u2022lod\u012btes diameters 0.5mm<\/p>\n","protected":false},"featured_media":15128,"template":"","meta":{"inline_featured_image":false},"product_cat":[1670],"product_tag":[],"class_list":{"0":"post-15127","1":"product","2":"type-product","3":"status-publish","4":"has-post-thumbnail","6":"product_cat-rolleri","8":"first","9":"instock","10":"purchasable","11":"product-type-simple","12":"add-to-wishlist-after_add_to_cart"},"_links":{"self":[{"href":"https:\/\/alkaline.lv\/en\/wp-json\/wp\/v2\/product\/15127"}],"collection":[{"href":"https:\/\/alkaline.lv\/en\/wp-json\/wp\/v2\/product"}],"about":[{"href":"https:\/\/alkaline.lv\/en\/wp-json\/wp\/v2\/types\/product"}],"wp:featuredmedia":[{"embeddable":true,"href":"https:\/\/alkaline.lv\/en\/wp-json\/wp\/v2\/media\/15128"}],"wp:attachment":[{"href":"https:\/\/alkaline.lv\/en\/wp-json\/wp\/v2\/media?parent=15127"}],"wp:term":[{"taxonomy":"product_cat","embeddable":true,"href":"https:\/\/alkaline.lv\/en\/wp-json\/wp\/v2\/product_cat?post=15127"},{"taxonomy":"product_tag","embeddable":true,"href":"https:\/\/alkaline.lv\/en\/wp-json\/wp\/v2\/product_tag?post=15127"}],"curies":[{"name":"wp","href":"https:\/\/api.w.org\/{rel}","templated":true}]}}