{"id":15264,"date":"2022-05-31T17:52:53","date_gmt":"2022-05-31T14:52:53","guid":{"rendered":"https:\/\/alkaline.lv\/products\/dokumentu-plaukts-esselte-europost-vivida-caurspidigs\/"},"modified":"2023-11-06T10:29:28","modified_gmt":"2023-11-06T08:29:28","slug":"dokumentu-plaukts-esselte-europost-vivida-caurspidigs","status":"publish","type":"product","link":"https:\/\/alkaline.lv\/en\/products\/dokumentu-plaukts-esselte-europost-vivida-caurspidigs\/","title":{"rendered":"Dokumentu plaukts ESSELTE EUROPOST VIVIDA, caursp\u012bd\u012bgs"},"content":{"rendered":"<p>Starptautiskais standarts, pieska\u0146ots A4 form\u0101tam<br \/>\nAr \u0113rtu izgriezumu un vietu<br \/>\neti\u0137etei<br \/>\nPlaukti liekami viens uz otra<br \/>\nIzm\u0113rs: 254 x 61 x 350 mm<\/p>\n","protected":false},"excerpt":{"rendered":"<p>Starptautiskais standarts, pieska\u0146ots A4 form\u0101tam Ar \u0113rtu izgriezumu un vietu eti\u0137etei Plaukti liekami viens uz otra Izm\u0113rs: 254 x 61 x 350 mm<\/p>\n","protected":false},"featured_media":15265,"template":"","meta":{"inline_featured_image":false},"product_cat":[296],"product_tag":[],"class_list":{"0":"post-15264","1":"product","2":"type-product","3":"status-publish","4":"has-post-thumbnail","6":"product_cat-dokumentu-plaukti","8":"first","9":"instock","10":"taxable","11":"shipping-taxable","12":"purchasable","13":"product-type-simple","14":"add-to-wishlist-after_add_to_cart"},"_links":{"self":[{"href":"https:\/\/alkaline.lv\/en\/wp-json\/wp\/v2\/product\/15264"}],"collection":[{"href":"https:\/\/alkaline.lv\/en\/wp-json\/wp\/v2\/product"}],"about":[{"href":"https:\/\/alkaline.lv\/en\/wp-json\/wp\/v2\/types\/product"}],"wp:featuredmedia":[{"embeddable":true,"href":"https:\/\/alkaline.lv\/en\/wp-json\/wp\/v2\/media\/15265"}],"wp:attachment":[{"href":"https:\/\/alkaline.lv\/en\/wp-json\/wp\/v2\/media?parent=15264"}],"wp:term":[{"taxonomy":"product_cat","embeddable":true,"href":"https:\/\/alkaline.lv\/en\/wp-json\/wp\/v2\/product_cat?post=15264"},{"taxonomy":"product_tag","embeddable":true,"href":"https:\/\/alkaline.lv\/en\/wp-json\/wp\/v2\/product_tag?post=15264"}],"curies":[{"name":"wp","href":"https:\/\/api.w.org\/{rel}","templated":true}]}}