{"id":15266,"date":"2022-05-31T17:53:11","date_gmt":"2022-05-31T14:53:11","guid":{"rendered":"https:\/\/alkaline.lv\/products\/organizators-plaukts-plus-and-wow-plauktu-komplektam-caurspidigs-2\/"},"modified":"2022-06-29T10:18:29","modified_gmt":"2022-06-29T07:18:29","slug":"organizators-plaukts-plus-and-wow-plauktu-komplektam-caurspidigs-2","status":"publish","type":"product","link":"https:\/\/alkaline.lv\/en\/products\/organizators-plaukts-plus-and-wow-plauktu-komplektam-caurspidigs-2\/","title":{"rendered":"Organiz\u0101tors-plaukts Plus and WOW plauktu komplektam, caursp\u012bd\u012bgs"},"content":{"rendered":"<p>\u2022 Papl\u0101te ar daudziem nodal\u012bjumiem ievieto\u0161anai rakst\u0101mgalda atvilkn\u0113 <br \/>\u2022 Da\u017e\u0101di<br \/>\nnodal\u012bjumi ir paredz\u0113ti viz\u012btkar\u0161u, pildspalvu, z\u012bmu\u013cu, sasprau\u017eu, USB, atsl\u0113gu,<br \/>\nmon\u0113tu, bateriju un citu priek\u0161metu uzglab\u0101\u0161anai <br \/>\u2022 Izm\u0113rs: 245 x 33 x 165 mm<\/p>\n","protected":false},"excerpt":{"rendered":"<p>\u2022 Papl\u0101te ar daudziem nodal\u012bjumiem ievieto\u0161anai rakst\u0101mgalda atvilkn\u0113 \u2022 Da\u017e\u0101di nodal\u012bjumi ir paredz\u0113ti viz\u012btkar\u0161u, pildspalvu, z\u012bmu\u013cu, sasprau\u017eu, USB, atsl\u0113gu, mon\u0113tu, bateriju un citu priek\u0161metu uzglab\u0101\u0161anai \u2022 Izm\u0113rs: 245 x 33 x 165 mm<\/p>\n","protected":false},"featured_media":15267,"template":"","meta":{"inline_featured_image":false},"product_cat":[71,302],"product_tag":[],"class_list":{"0":"post-15266","1":"product","2":"type-product","3":"status-publish","4":"has-post-thumbnail","6":"product_cat-biroja-preces","7":"product_cat-galda-organizatori","9":"first","10":"outofstock","11":"purchasable","12":"product-type-simple","13":"add-to-wishlist-after_add_to_cart"},"_links":{"self":[{"href":"https:\/\/alkaline.lv\/en\/wp-json\/wp\/v2\/product\/15266"}],"collection":[{"href":"https:\/\/alkaline.lv\/en\/wp-json\/wp\/v2\/product"}],"about":[{"href":"https:\/\/alkaline.lv\/en\/wp-json\/wp\/v2\/types\/product"}],"wp:featuredmedia":[{"embeddable":true,"href":"https:\/\/alkaline.lv\/en\/wp-json\/wp\/v2\/media\/15267"}],"wp:attachment":[{"href":"https:\/\/alkaline.lv\/en\/wp-json\/wp\/v2\/media?parent=15266"}],"wp:term":[{"taxonomy":"product_cat","embeddable":true,"href":"https:\/\/alkaline.lv\/en\/wp-json\/wp\/v2\/product_cat?post=15266"},{"taxonomy":"product_tag","embeddable":true,"href":"https:\/\/alkaline.lv\/en\/wp-json\/wp\/v2\/product_tag?post=15266"}],"curies":[{"name":"wp","href":"https:\/\/api.w.org\/{rel}","templated":true}]}}