{"id":15327,"date":"2022-05-31T17:53:33","date_gmt":"2022-05-31T14:53:33","guid":{"rendered":"https:\/\/alkaline.lv\/products\/skavotajs-sax249-sasuj-lidz-25-lapam-melns\/"},"modified":"2022-07-12T13:10:31","modified_gmt":"2022-07-12T10:10:31","slug":"skavotajs-sax249-sasuj-lidz-25-lapam-melns","status":"publish","type":"product","link":"https:\/\/alkaline.lv\/en\/products\/skavotajs-sax249-sasuj-lidz-25-lapam-melns\/","title":{"rendered":"Skavot\u0101js SAX249 sa\u0161uj l\u012bdz 25 lap\u0101m, melns"},"content":{"rendered":"<p>Skavo: 25 pap\u012bra lapas 80 g \/ m2<br \/>\n<br \/>Skavu izm\u0113rs: 24 \/ 6-26 \/ 6.<br \/>\n<br \/>Ievieto\u0161anas dzi\u013cums: 96 mm<\/p>\n","protected":false},"excerpt":{"rendered":"<p>Skavo: 25 pap\u012bra lapas 80 g \/ m2 Skavu izm\u0113rs: 24 \/ 6-26 \/ 6. Ievieto\u0161anas dzi\u013cums: 96 mm<\/p>\n","protected":false},"featured_media":15328,"template":"","meta":{"inline_featured_image":false},"product_cat":[71,299],"product_tag":[],"class_list":{"0":"post-15327","1":"product","2":"type-product","3":"status-publish","4":"has-post-thumbnail","6":"product_cat-biroja-preces","7":"product_cat-skavotaji","9":"first","10":"instock","11":"purchasable","12":"product-type-simple","13":"add-to-wishlist-after_add_to_cart"},"_links":{"self":[{"href":"https:\/\/alkaline.lv\/en\/wp-json\/wp\/v2\/product\/15327"}],"collection":[{"href":"https:\/\/alkaline.lv\/en\/wp-json\/wp\/v2\/product"}],"about":[{"href":"https:\/\/alkaline.lv\/en\/wp-json\/wp\/v2\/types\/product"}],"wp:featuredmedia":[{"embeddable":true,"href":"https:\/\/alkaline.lv\/en\/wp-json\/wp\/v2\/media\/15328"}],"wp:attachment":[{"href":"https:\/\/alkaline.lv\/en\/wp-json\/wp\/v2\/media?parent=15327"}],"wp:term":[{"taxonomy":"product_cat","embeddable":true,"href":"https:\/\/alkaline.lv\/en\/wp-json\/wp\/v2\/product_cat?post=15327"},{"taxonomy":"product_tag","embeddable":true,"href":"https:\/\/alkaline.lv\/en\/wp-json\/wp\/v2\/product_tag?post=15327"}],"curies":[{"name":"wp","href":"https:\/\/api.w.org\/{rel}","templated":true}]}}