{"id":15499,"date":"2022-05-31T17:54:47","date_gmt":"2022-05-31T14:54:47","guid":{"rendered":"https:\/\/alkaline.lv\/products\/krasainie-zimuli-patio-colorino-jumbo-6-metaliskas-krasas\/"},"modified":"2022-06-15T09:24:58","modified_gmt":"2022-06-15T06:24:58","slug":"krasainie-zimuli-patio-colorino-jumbo-6-metaliskas-krasas","status":"publish","type":"product","link":"https:\/\/alkaline.lv\/en\/products\/krasainie-zimuli-patio-colorino-jumbo-6-metaliskas-krasas\/","title":{"rendered":"Kr\u0101sainie z\u012bmu\u013ci PATIO COLORINO JUMBO 6 met\u0101liskas kr\u0101sas"},"content":{"rendered":"<p>Apa\u013ci, ar asin\u0101mo, z\u012bm\u0113\u0161anai uz melna pap\u012bra.<\/p>\n","protected":false},"excerpt":{"rendered":"<p>Apa\u013ci, ar asin\u0101mo, z\u012bm\u0113\u0161anai uz melna pap\u012bra.<\/p>\n","protected":false},"featured_media":15500,"template":"","meta":{"inline_featured_image":false},"product_cat":[553],"product_tag":[],"class_list":{"0":"post-15499","1":"product","2":"type-product","3":"status-publish","4":"has-post-thumbnail","6":"product_cat-zimuli","8":"first","9":"instock","10":"purchasable","11":"product-type-simple","12":"add-to-wishlist-after_add_to_cart"},"_links":{"self":[{"href":"https:\/\/alkaline.lv\/en\/wp-json\/wp\/v2\/product\/15499"}],"collection":[{"href":"https:\/\/alkaline.lv\/en\/wp-json\/wp\/v2\/product"}],"about":[{"href":"https:\/\/alkaline.lv\/en\/wp-json\/wp\/v2\/types\/product"}],"wp:featuredmedia":[{"embeddable":true,"href":"https:\/\/alkaline.lv\/en\/wp-json\/wp\/v2\/media\/15500"}],"wp:attachment":[{"href":"https:\/\/alkaline.lv\/en\/wp-json\/wp\/v2\/media?parent=15499"}],"wp:term":[{"taxonomy":"product_cat","embeddable":true,"href":"https:\/\/alkaline.lv\/en\/wp-json\/wp\/v2\/product_cat?post=15499"},{"taxonomy":"product_tag","embeddable":true,"href":"https:\/\/alkaline.lv\/en\/wp-json\/wp\/v2\/product_tag?post=15499"}],"curies":[{"name":"wp","href":"https:\/\/api.w.org\/{rel}","templated":true}]}}