{"id":15559,"date":"2022-05-31T18:04:17","date_gmt":"2022-05-31T15:04:17","guid":{"rendered":"https:\/\/alkaline.lv\/products\/krasosanas-zimuli-trissturveida-carioca-jumbo-6-krasas\/"},"modified":"2022-07-12T13:27:03","modified_gmt":"2022-07-12T10:27:03","slug":"krasosanas-zimuli-trissturveida-carioca-jumbo-6-krasas","status":"publish","type":"product","link":"https:\/\/alkaline.lv\/en\/products\/krasosanas-zimuli-trissturveida-carioca-jumbo-6-krasas\/","title":{"rendered":"Kr\u0101so\u0161anas z\u012bmu\u013ci tr\u012bsst\u016brveida CARIOCA JUMBO, 6 kr\u0101sas"},"content":{"rendered":"<p>Kartona k\u0101rba ar displeja pakaramo. Iztur\u012bgi un viegli asin\u0101mi. Spilgtas, necaursp\u012bd\u012bgas kr\u0101sas. L\u016bzumu iztur\u012bgi. 5,0 mm. PU 6<\/p>\n","protected":false},"excerpt":{"rendered":"<p>Kartona k\u0101rba ar displeja pakaramo. Iztur\u012bgi un viegli asin\u0101mi. Spilgtas, necaursp\u012bd\u012bgas kr\u0101sas. L\u016bzumu iztur\u012bgi. 5,0 mm. PU 6<\/p>\n","protected":false},"featured_media":15560,"template":"","meta":{"inline_featured_image":false},"product_cat":[553],"product_tag":[],"class_list":{"0":"post-15559","1":"product","2":"type-product","3":"status-publish","4":"has-post-thumbnail","6":"product_cat-zimuli","8":"first","9":"outofstock","10":"purchasable","11":"product-type-simple","12":"add-to-wishlist-after_add_to_cart"},"_links":{"self":[{"href":"https:\/\/alkaline.lv\/en\/wp-json\/wp\/v2\/product\/15559"}],"collection":[{"href":"https:\/\/alkaline.lv\/en\/wp-json\/wp\/v2\/product"}],"about":[{"href":"https:\/\/alkaline.lv\/en\/wp-json\/wp\/v2\/types\/product"}],"wp:featuredmedia":[{"embeddable":true,"href":"https:\/\/alkaline.lv\/en\/wp-json\/wp\/v2\/media\/15560"}],"wp:attachment":[{"href":"https:\/\/alkaline.lv\/en\/wp-json\/wp\/v2\/media?parent=15559"}],"wp:term":[{"taxonomy":"product_cat","embeddable":true,"href":"https:\/\/alkaline.lv\/en\/wp-json\/wp\/v2\/product_cat?post=15559"},{"taxonomy":"product_tag","embeddable":true,"href":"https:\/\/alkaline.lv\/en\/wp-json\/wp\/v2\/product_tag?post=15559"}],"curies":[{"name":"wp","href":"https:\/\/api.w.org\/{rel}","templated":true}]}}